{"id":877,"date":"2017-08-01T06:58:38","date_gmt":"2017-08-01T06:58:38","guid":{"rendered":"https:\/\/www.dag.com.vn\/?page_id=877"},"modified":"2017-12-07T10:00:52","modified_gmt":"2017-12-07T03:00:52","slug":"tam-nhin-su-menh","status":"publish","type":"page","link":"https:\/\/www.dag.com.vn\/en\/tam-nhin-su-menh\/","title":{"rendered":"T\u1ea7m nh\u00ecn &#8211; s\u1ee9 m\u1ec7nh"},"content":{"rendered":"<div class=\"title\">\n<p><strong><span id=\"result_box\" class=\"long_text\"><span title=\"T\u1ea7m nh\u00ecn\">Vision\u00a0<\/span><\/span><\/strong><span id=\"result_box\" class=\"long_text\"><span title=\"T\u1ea7m nh\u00ecn\"><br \/>\n<\/span><span title=\"Tr\u1edf th\u00e0nh m\u1ed9t t\u1ed5 ch\u1ee9c \u0111\u1ea7u t\u01b0, t\u1ed5 ch\u1ee9c qu\u1ea3n l\u00fd ho\u1ea1t \u0111\u1ed9ng s\u1ea3n xu\u1ea5t chuy\u00ean nghi\u1ec7p theo m\u00f4 h\u00ecnh chu\u1ea9n T\u1eadp \u0111o\u00e0n, t\u0103ng tr\u01b0\u1edfng b\u1ec1n v\u1eefng b\u1eb1ng n\u1ed7 l\u1ef1c lao \u0111\u1ed9ng s\u00e1ng t\u1ea1o trong khoa h\u1ecdc k\u1ef9 thu\u1eadt v\u00e0 c\u00f4ng ngh\u1ec7.\">Become an organization of investment, management, organization operating as a professional production of the standard model group, sustainable growth through creative labor efforts in science and engineering technology.<\/span><span title=\"L\u1ea5y s\u1ef1 \u0111\u1ed3ng thu\u1eadn, s\u00e1t c\u00e1nh c\u1ee7a t\u1eadp th\u1ec3 CBCNV, c\u1ee7a c\u1ed5 \u0111\u00f4ng l\u00e0 n\u1ec1n t\u1ea3ng, ch\u1ed7 d\u1ef1a v\u1eefng ch\u1eafc cho c\u00e1c m\u1ee5c ti\u00eau ph\u00e1t tri\u1ec3n.Tinh th\u1ea7n \u0111o\u00e0n k\u1ebft, t\u01b0\u01a1ng h\u1ed7, t\u1ea1o d\u1ef1ng v\u0103n h\u00f3a doanh nghi\u1ec7p \u0111\u1eb7c tr\u01b0ng s\u1ebd g\u00f3p ph\u1ea7n l\u00e0m\">Consensus, the collective stand of the employees, shareholders of the foundation, a solid prop for the goal. Solidarity, mutual support, building corporate culture characterized will contribute to\u00a0<\/span><span title=\"n\u00ean v\u1ecb th\u1ebf tr\u01b0\u1eddng t\u1ed3n v\u00e0 v\u1eefng m\u1ea1nh c\u1ee7a DAG\">position should be permanent and strong of DAG.<\/span><\/span><\/p>\n<p><strong><span title=\"S\u1ee9 m\u1ec7nh\">Mission\u00a0<\/span><\/strong><span title=\"S\u1ee9 m\u1ec7nh\"><br \/>\n<\/span><span title=\"Ph\u00e1t tri\u1ec3n b\u1ec1n v\u1eefng, \u0111em l\u1ea1i l\u1ee3i \u00edch cao nh\u1ea5t cho c\u00e1c c\u1ed5 \u0111\u00f4ng.\">Sustainable development, the highest benefit to shareholders.<br \/>\n<\/span><span title=\"T\u1ea1o m\u00f4i tr\u01b0\u1eddng l\u00e0m vi\u1ec7c n\u0103ng \u0111\u1ed9ng, chuy\u00ean nghi\u1ec7p, hi\u1ec7u qu\u1ea3 d\u01b0\u1edbi m\u00e1i nh\u00e0 chung c\u1ee7a DAG .\">Create dynamic working \u00a0environment, professional performance under the roof of DAG.<br \/>\n<\/span><span title=\"T\u1ea1o ra nh\u1eefng s\u1ea3n ph\u1ea9m ch\u1ea5t l\u01b0\u1ee3ng cao, uy t\u00edn v\u00e0 th\u00e2n thi\u1ec7n v\u1edbi m\u00f4i tr\u01b0\u1eddng.\">Produce high-quality, reliable and environmentally friendly\u00a0<\/span>products.<\/p>\n<p><strong><span title=\"Cam K\u1ebft\">Commitments\u00a0<\/span><\/strong><span title=\"Cam K\u1ebft\"><br \/>\n<\/span><span title=\"Ch\u00fang t\u00f4i cam k\u1ebft mang \u0111\u1ebfn cho kh\u00e1ch h\u00e0ng ni\u1ec1m tin v\u1eefng ch\u1eafc v\u1ec1 m\u1ed9t T\u1eadp \u0111o\u00e0n kinh t\u1ebf lu\u00f4n \u0111\u1ed3ng h\u00e0nh c\u00f9ng kh\u00e1ch h\u00e0ng v\u00e0 c\u00e1c c\u1ed5 \u0111\u00f4ng.\">We are committed to giving customers a firm belief about a economic group who is always with our customers and shareholders.<br \/>\n<\/span><span title=\"Ch\u00fang t\u00f4i \u0111\u1ea3m b\u1ea3o cung c\u1ea5p nh\u1eefng s\u1ea3n ph\u1ea9m v\u00e0 d\u1ecbch v\u1ee5 c\u00f3 ch\u1ea5t l\u01b0\u1ee3ng, c\u00f3 kh\u1ea3 n\u0103ng c\u1ea1nh tranh cao v\u1edbi phong c\u00e1ch ph\u1ee5c v\u1ee5 kh\u00e1ch h\u00e0ng t\u1eadn t\u00ecnh, chu \u0111\u00e1o.\">We guarantee to provide\u00a0<\/span>quality\u00a0products and services, ability to compete with high-style customer service, caring thoughtful.<\/p>\n<p><span class=\"long_text\"><span title=\"DAG cam k\u1ebft h\u1ed7 tr\u1ee3 t\u1ed1i \u0111a v\u00e0 t\u1ea1o \u0111i\u1ec1u ki\u1ec7n t\u1ed1t nh\u1ea5t cho kh\u00e1ch h\u00e0ng ph\u00e1t tri\u1ec3n trong khu\u00f4n kh\u1ed5 Ph\u00e1p lu\u1eadt v\u00e0 kh\u1ea3 n\u0103ng c\u1ee7a m\u00ecnh.\">DAG commits and support up to create the best conditions to customers in developing the legal framework and its capabilities.<\/span><\/span><\/p>\n<p>&nbsp;<\/p>\n<\/div>\n<p>&nbsp;<\/p>\n","protected":false},"excerpt":{"rendered":"<p>Vision\u00a0 Become an organization of investment, management, organization operating as a professional production of the standard model group, sustainable growth through creative labor efforts in science and engineering technology.Consensus, the collective stand of the employees, shareholders of the foundation, a solid prop for the goal. Solidarity, mutual support, building corporate culture characterized will contribute to\u00a0position [&#8230;]\n","protected":false},"author":15,"featured_media":0,"parent":0,"menu_order":0,"comment_status":"closed","ping_status":"closed","template":"page-right-sidebar.php","meta":[],"yoast_head":"<!-- This site is optimized with the Yoast SEO plugin v20.13 - https:\/\/yoast.com\/wordpress\/plugins\/seo\/ -->\n<title>T\u1ea7m nh\u00ecn - s\u1ee9 m\u1ec7nh &raquo; DAG - T\u1eacP \u0110O\u00c0N NH\u1ef0A \u0110\u00d4NG \u00c1<\/title>\n<meta name=\"description\" content=\"T\u1eadp \u0110o\u00e0n Nh\u1ef1a \u0110\u00f4ng \u00c1 (\u2705 \u0110\u00e3 X\u00e1c Minh)\" \/>\n<meta name=\"robots\" content=\"index, follow, max-snippet:-1, max-image-preview:large, max-video-preview:-1\" \/>\n<link rel=\"canonical\" href=\"https:\/\/www.dag.com.vn\/tam-nhin-su-menh\/\" \/>\n<meta property=\"og:locale\" content=\"en_US\" \/>\n<meta property=\"og:type\" content=\"article\" \/>\n<meta property=\"og:title\" content=\"T\u1ea7m nh\u00ecn - s\u1ee9 m\u1ec7nh &raquo; DAG - T\u1eacP \u0110O\u00c0N NH\u1ef0A \u0110\u00d4NG \u00c1\" \/>\n<meta property=\"og:description\" content=\"T\u1eadp \u0110o\u00e0n Nh\u1ef1a \u0110\u00f4ng \u00c1 (\u2705 \u0110\u00e3 X\u00e1c Minh)\" \/>\n<meta property=\"og:url\" content=\"https:\/\/www.dag.com.vn\/tam-nhin-su-menh\/\" \/>\n<meta property=\"og:site_name\" content=\"DAG - T\u1eacP \u0110O\u00c0N NH\u1ef0A \u0110\u00d4NG \u00c1\" \/>\n<meta property=\"article:publisher\" content=\"https:\/\/www.facebook.com\/CongTyCoPhanNhuaDongA\/\" \/>\n<meta property=\"article:modified_time\" content=\"2017-12-07T03:00:52+00:00\" \/>\n<meta name=\"twitter:card\" content=\"summary_large_image\" \/>\n<meta name=\"twitter:label1\" content=\"Est. reading time\" \/>\n\t<meta name=\"twitter:data1\" content=\"1 minute\" \/>\n<script type=\"application\/ld+json\" class=\"yoast-schema-graph\">{\"@context\":\"https:\/\/schema.org\",\"@graph\":[{\"@type\":\"WebPage\",\"@id\":\"https:\/\/www.dag.com.vn\/tam-nhin-su-menh\/\",\"url\":\"https:\/\/www.dag.com.vn\/tam-nhin-su-menh\/\",\"name\":\"T\u1ea7m nh\u00ecn - s\u1ee9 m\u1ec7nh &raquo; DAG - T\u1eacP \u0110O\u00c0N NH\u1ef0A \u0110\u00d4NG \u00c1\",\"isPartOf\":{\"@id\":\"https:\/\/www.dag.com.vn\/#website\"},\"datePublished\":\"2017-08-01T06:58:38+00:00\",\"dateModified\":\"2017-12-07T03:00:52+00:00\",\"description\":\"T\u1eadp \u0110o\u00e0n Nh\u1ef1a \u0110\u00f4ng \u00c1 (\u2705 \u0110\u00e3 X\u00e1c Minh)\",\"breadcrumb\":{\"@id\":\"https:\/\/www.dag.com.vn\/tam-nhin-su-menh\/#breadcrumb\"},\"inLanguage\":\"en-US\",\"potentialAction\":[{\"@type\":\"ReadAction\",\"target\":[\"https:\/\/www.dag.com.vn\/tam-nhin-su-menh\/\"]}]},{\"@type\":\"BreadcrumbList\",\"@id\":\"https:\/\/www.dag.com.vn\/tam-nhin-su-menh\/#breadcrumb\",\"itemListElement\":[{\"@type\":\"ListItem\",\"position\":1,\"name\":\"T\u1eadp \u0110o\u00e0n Nh\u1ef1a \u0110\u00f4ng \u00c1\",\"item\":\"https:\/\/www.dag.com.vn\/en\/\"},{\"@type\":\"ListItem\",\"position\":2,\"name\":\"T\u1ea7m nh\u00ecn &#8211; s\u1ee9 m\u1ec7nh\"}]},{\"@type\":\"WebSite\",\"@id\":\"https:\/\/www.dag.com.vn\/#website\",\"url\":\"https:\/\/www.dag.com.vn\/\",\"name\":\"DAG - T\u1eacP \u0110O\u00c0N NH\u1ef0A \u0110\u00d4NG \u00c1\",\"description\":\"DAG - T\u1eacP \u0110O\u00c0N NH\u1ef0A \u0110\u00d4NG \u00c1\",\"publisher\":{\"@id\":\"https:\/\/www.dag.com.vn\/#organization\"},\"potentialAction\":[{\"@type\":\"SearchAction\",\"target\":{\"@type\":\"EntryPoint\",\"urlTemplate\":\"https:\/\/www.dag.com.vn\/?s={search_term_string}\"},\"query-input\":\"required name=search_term_string\"}],\"inLanguage\":\"en-US\"},{\"@type\":\"Organization\",\"@id\":\"https:\/\/www.dag.com.vn\/#organization\",\"name\":\"T\u1eadp \u0110o\u00e0n Nh\u1ef1a \u0110\u00f4ng \u00c1\",\"url\":\"https:\/\/www.dag.com.vn\/\",\"logo\":{\"@type\":\"ImageObject\",\"inLanguage\":\"en-US\",\"@id\":\"https:\/\/www.dag.com.vn\/#\/schema\/logo\/image\/\",\"url\":\"https:\/\/www.dag.com.vn\/wp-content\/uploads\/2018\/01\/DAG-logo-A1.gif\",\"contentUrl\":\"https:\/\/www.dag.com.vn\/wp-content\/uploads\/2018\/01\/DAG-logo-A1.gif\",\"width\":488,\"height\":176,\"caption\":\"T\u1eadp \u0110o\u00e0n Nh\u1ef1a \u0110\u00f4ng \u00c1\"},\"image\":{\"@id\":\"https:\/\/www.dag.com.vn\/#\/schema\/logo\/image\/\"},\"sameAs\":[\"https:\/\/www.facebook.com\/CongTyCoPhanNhuaDongA\/\",\"https:\/\/www.linkedin.com\/in\/caunhualoithep-caocap-admin1-503202154\/\",\"https:\/\/www.pinterest.com\/tponnha\/\",\"https:\/\/www.youtube.com\/channel\/UCJN3LY0H4MhF12r-TboAs8g?view_as=subscriber\"]}]}<\/script>\n<!-- \/ Yoast SEO plugin. -->","yoast_head_json":{"title":"T\u1ea7m nh\u00ecn - s\u1ee9 m\u1ec7nh &raquo; DAG - T\u1eacP \u0110O\u00c0N NH\u1ef0A \u0110\u00d4NG \u00c1","description":"T\u1eadp \u0110o\u00e0n Nh\u1ef1a \u0110\u00f4ng \u00c1 (\u2705 \u0110\u00e3 X\u00e1c Minh)","robots":{"index":"index","follow":"follow","max-snippet":"max-snippet:-1","max-image-preview":"max-image-preview:large","max-video-preview":"max-video-preview:-1"},"canonical":"https:\/\/www.dag.com.vn\/tam-nhin-su-menh\/","og_locale":"en_US","og_type":"article","og_title":"T\u1ea7m nh\u00ecn - s\u1ee9 m\u1ec7nh &raquo; DAG - T\u1eacP \u0110O\u00c0N NH\u1ef0A \u0110\u00d4NG \u00c1","og_description":"T\u1eadp \u0110o\u00e0n Nh\u1ef1a \u0110\u00f4ng \u00c1 (\u2705 \u0110\u00e3 X\u00e1c Minh)","og_url":"https:\/\/www.dag.com.vn\/tam-nhin-su-menh\/","og_site_name":"DAG - T\u1eacP \u0110O\u00c0N NH\u1ef0A \u0110\u00d4NG \u00c1","article_publisher":"https:\/\/www.facebook.com\/CongTyCoPhanNhuaDongA\/","article_modified_time":"2017-12-07T03:00:52+00:00","twitter_card":"summary_large_image","twitter_misc":{"Est. reading time":"1 minute"},"schema":{"@context":"https:\/\/schema.org","@graph":[{"@type":"WebPage","@id":"https:\/\/www.dag.com.vn\/tam-nhin-su-menh\/","url":"https:\/\/www.dag.com.vn\/tam-nhin-su-menh\/","name":"T\u1ea7m nh\u00ecn - s\u1ee9 m\u1ec7nh &raquo; DAG - T\u1eacP \u0110O\u00c0N NH\u1ef0A \u0110\u00d4NG \u00c1","isPartOf":{"@id":"https:\/\/www.dag.com.vn\/#website"},"datePublished":"2017-08-01T06:58:38+00:00","dateModified":"2017-12-07T03:00:52+00:00","description":"T\u1eadp \u0110o\u00e0n Nh\u1ef1a \u0110\u00f4ng \u00c1 (\u2705 \u0110\u00e3 X\u00e1c Minh)","breadcrumb":{"@id":"https:\/\/www.dag.com.vn\/tam-nhin-su-menh\/#breadcrumb"},"inLanguage":"en-US","potentialAction":[{"@type":"ReadAction","target":["https:\/\/www.dag.com.vn\/tam-nhin-su-menh\/"]}]},{"@type":"BreadcrumbList","@id":"https:\/\/www.dag.com.vn\/tam-nhin-su-menh\/#breadcrumb","itemListElement":[{"@type":"ListItem","position":1,"name":"T\u1eadp \u0110o\u00e0n Nh\u1ef1a \u0110\u00f4ng \u00c1","item":"https:\/\/www.dag.com.vn\/en\/"},{"@type":"ListItem","position":2,"name":"T\u1ea7m nh\u00ecn &#8211; s\u1ee9 m\u1ec7nh"}]},{"@type":"WebSite","@id":"https:\/\/www.dag.com.vn\/#website","url":"https:\/\/www.dag.com.vn\/","name":"DAG - T\u1eacP \u0110O\u00c0N NH\u1ef0A \u0110\u00d4NG \u00c1","description":"DAG - T\u1eacP \u0110O\u00c0N NH\u1ef0A \u0110\u00d4NG \u00c1","publisher":{"@id":"https:\/\/www.dag.com.vn\/#organization"},"potentialAction":[{"@type":"SearchAction","target":{"@type":"EntryPoint","urlTemplate":"https:\/\/www.dag.com.vn\/?s={search_term_string}"},"query-input":"required name=search_term_string"}],"inLanguage":"en-US"},{"@type":"Organization","@id":"https:\/\/www.dag.com.vn\/#organization","name":"T\u1eadp \u0110o\u00e0n Nh\u1ef1a \u0110\u00f4ng \u00c1","url":"https:\/\/www.dag.com.vn\/","logo":{"@type":"ImageObject","inLanguage":"en-US","@id":"https:\/\/www.dag.com.vn\/#\/schema\/logo\/image\/","url":"https:\/\/www.dag.com.vn\/wp-content\/uploads\/2018\/01\/DAG-logo-A1.gif","contentUrl":"https:\/\/www.dag.com.vn\/wp-content\/uploads\/2018\/01\/DAG-logo-A1.gif","width":488,"height":176,"caption":"T\u1eadp \u0110o\u00e0n Nh\u1ef1a \u0110\u00f4ng \u00c1"},"image":{"@id":"https:\/\/www.dag.com.vn\/#\/schema\/logo\/image\/"},"sameAs":["https:\/\/www.facebook.com\/CongTyCoPhanNhuaDongA\/","https:\/\/www.linkedin.com\/in\/caunhualoithep-caocap-admin1-503202154\/","https:\/\/www.pinterest.com\/tponnha\/","https:\/\/www.youtube.com\/channel\/UCJN3LY0H4MhF12r-TboAs8g?view_as=subscriber"]}]}},"_links":{"self":[{"href":"https:\/\/www.dag.com.vn\/en\/wp-json\/wp\/v2\/pages\/877"}],"collection":[{"href":"https:\/\/www.dag.com.vn\/en\/wp-json\/wp\/v2\/pages"}],"about":[{"href":"https:\/\/www.dag.com.vn\/en\/wp-json\/wp\/v2\/types\/page"}],"author":[{"embeddable":true,"href":"https:\/\/www.dag.com.vn\/en\/wp-json\/wp\/v2\/users\/15"}],"replies":[{"embeddable":true,"href":"https:\/\/www.dag.com.vn\/en\/wp-json\/wp\/v2\/comments?post=877"}],"version-history":[{"count":0,"href":"https:\/\/www.dag.com.vn\/en\/wp-json\/wp\/v2\/pages\/877\/revisions"}],"wp:attachment":[{"href":"https:\/\/www.dag.com.vn\/en\/wp-json\/wp\/v2\/media?parent=877"}],"curies":[{"name":"wp","href":"https:\/\/api.w.org\/{rel}","templated":true}]}}