{"id":873,"date":"2017-08-01T06:59:10","date_gmt":"2017-08-01T06:59:10","guid":{"rendered":"https:\/\/www.dag.com.vn\/?page_id=873"},"modified":"2017-12-07T09:41:31","modified_gmt":"2017-12-07T02:41:31","slug":"lich-su-cong-ty","status":"publish","type":"page","link":"https:\/\/www.dag.com.vn\/en\/lich-su-cong-ty\/","title":{"rendered":"L\u1ecbch s\u1eed c\u00f4ng ty"},"content":{"rendered":"<p style=\"font-weight: 400;\">HISTORY OF DONG A PLASTIC GROUP<\/p>\n<table style=\"font-weight: 400; height: 118px;\" width=\"824\">\n<tbody>\n<tr>\n<td>In 2001<\/td>\n<td>Dong A Plastic Company Limited was established with the charter capital of VND 2.5 billion contributed by Hung Phat company and Dong A JSC in HCM City with the capital source from Taiwan<\/td>\n<\/tr>\n<tr>\n<td><strong>In 2002<\/strong><\/td>\n<td><strong>Company brought the ceiling panels and doors production line to the market<\/strong><\/td>\n<\/tr>\n<\/tbody>\n<\/table>\n<table style=\"font-weight: 400;\">\n<tbody>\n<tr>\n<td><strong>In 2003<\/strong><\/td>\n<td><strong>The company launched the door to market.<\/strong><\/p>\n<p>&nbsp;<\/td>\n<\/tr>\n<tr>\n<td>In 2004<\/td>\n<td>The charter capital increased up to VND 30 billion for investment into production, salary raising and diversifying product structures and improving share market for construction materials<\/td>\n<\/tr>\n<tr>\n<td>In 2005<\/td>\n<td>New product was introduced: uPVC door with brand name \u201cSmartwindow&#8221;<\/td>\n<\/tr>\n<tr>\n<td>In\u00a0 2006<\/td>\n<td>The charter capital increased up to VND 58 billion; converting from company limited into joint Stock company, number of producing lines increased to 16 and the capacity increased to 6,000 tons\/year<\/td>\n<\/tr>\n<tr>\n<td>In\u00a0 2007<\/td>\n<td>DAG increased charter capital to VND 100 billion and converting into the model of parent-subsidiary company in which DAG plays the role of parent company and 02 subsidiary companies:<br \/>\n+ Dong A Plastic Company Limited with the main office in Chau Son Industrial Park, Ha Nam province.<br \/>\n+ S.M.W One Member Company Limited at Ngoc Hoi Industrial Park, Thanh Tri District, Hanoi.<br \/>\n+ Basically complete 02 factories in Ha Nam province and Hanoi city and come into operation.<br \/>\n+ New product: uPVC profile bar with the brand name SEA PROFILE \u2013 main material for uPVC door with reinforcing steel core<\/td>\n<\/tr>\n<tr>\n<td>In 2008<\/td>\n<td>02 new products:<br \/>\n+ Industrial PP Sheet used in advertising and packaging area with the brand name PP DONG A<br \/>\n+ Rubber gasket applied in uPVC door area and aluminum composite panel<\/td>\n<\/tr>\n<tr>\n<td>In 2009<\/td>\n<td>A new factory located in Tan Tao Industrial Park, Ho Chi Minh city was officially put into operation: specializing in resembling uPVC with reinforcing steel core<br \/>\n+ To be the leading manufacturer of uPVC profile bar in Viet nam, accordance with BS 12608 standard of Europe.<br \/>\n+ HIFLEX flex banner was firstly introduced to the market.<\/td>\n<\/tr>\n<tr>\n<td>In 2010<\/td>\n<td>On 08\/04\/2010 Dong A Group officially published 10,000,000 stocks in Ho Chi Minh City Stock Exchange (HOSE) with the stock code DAG<br \/>\nNew product: Aluminum composite door \u2013 Glass panel&nbsp;<\/td>\n<\/tr>\n<\/tbody>\n<\/table>\n<table style=\"font-weight: 400; height: 121px;\" width=\"825\">\n<tbody>\n<tr>\n<td><strong>In 2011<\/strong><\/td>\n<td><strong>The company increased its charter capital to VND 12.5 billions, bringing the Aluminium Composite production line.<br \/>\n<\/strong><\/td>\n<\/tr>\n<tr>\n<td><strong>In 2012<\/strong><\/td>\n<td><strong>The company increased its charter capital to VND 185 billions, investment in PS production line.<\/strong><\/td>\n<\/tr>\n<\/tbody>\n<\/table>\n","protected":false},"excerpt":{"rendered":"<p>HISTORY OF DONG A PLASTIC GROUP In 2001 Dong A Plastic Company Limited was established with the charter capital of VND 2.5 billion contributed by Hung Phat company and Dong A JSC in HCM City with the capital source from Taiwan In 2002 Company brought the ceiling panels and doors production line to the market [&#8230;]\n","protected":false},"author":15,"featured_media":0,"parent":0,"menu_order":0,"comment_status":"closed","ping_status":"closed","template":"page-blank.php","meta":[],"yoast_head":"<!-- This site is optimized with the Yoast SEO plugin v20.13 - https:\/\/yoast.com\/wordpress\/plugins\/seo\/ -->\n<title>L\u1ecbch s\u1eed c\u00f4ng ty &raquo; DAG - T\u1eacP \u0110O\u00c0N NH\u1ef0A \u0110\u00d4NG \u00c1<\/title>\n<meta name=\"description\" content=\"T\u1eadp \u0110o\u00e0n Nh\u1ef1a \u0110\u00f4ng \u00c1 (\u2705 \u0110\u00e3 X\u00e1c Minh)\" \/>\n<meta name=\"robots\" content=\"index, follow, max-snippet:-1, max-image-preview:large, max-video-preview:-1\" \/>\n<link rel=\"canonical\" href=\"https:\/\/www.dag.com.vn\/lich-su-cong-ty\/\" \/>\n<meta property=\"og:locale\" content=\"en_US\" \/>\n<meta property=\"og:type\" content=\"article\" \/>\n<meta property=\"og:title\" content=\"L\u1ecbch s\u1eed c\u00f4ng ty &raquo; DAG - T\u1eacP \u0110O\u00c0N NH\u1ef0A \u0110\u00d4NG \u00c1\" \/>\n<meta property=\"og:description\" content=\"T\u1eadp \u0110o\u00e0n Nh\u1ef1a \u0110\u00f4ng \u00c1 (\u2705 \u0110\u00e3 X\u00e1c Minh)\" \/>\n<meta property=\"og:url\" content=\"https:\/\/www.dag.com.vn\/lich-su-cong-ty\/\" \/>\n<meta property=\"og:site_name\" content=\"DAG - T\u1eacP \u0110O\u00c0N NH\u1ef0A \u0110\u00d4NG \u00c1\" \/>\n<meta property=\"article:publisher\" content=\"https:\/\/www.facebook.com\/CongTyCoPhanNhuaDongA\/\" \/>\n<meta property=\"article:modified_time\" content=\"2017-12-07T02:41:31+00:00\" \/>\n<meta name=\"twitter:card\" content=\"summary_large_image\" \/>\n<meta name=\"twitter:label1\" content=\"Est. reading time\" \/>\n\t<meta name=\"twitter:data1\" content=\"2 minutes\" \/>\n<script type=\"application\/ld+json\" class=\"yoast-schema-graph\">{\"@context\":\"https:\/\/schema.org\",\"@graph\":[{\"@type\":\"WebPage\",\"@id\":\"https:\/\/www.dag.com.vn\/lich-su-cong-ty\/\",\"url\":\"https:\/\/www.dag.com.vn\/lich-su-cong-ty\/\",\"name\":\"L\u1ecbch s\u1eed c\u00f4ng ty &raquo; DAG - T\u1eacP \u0110O\u00c0N NH\u1ef0A \u0110\u00d4NG \u00c1\",\"isPartOf\":{\"@id\":\"https:\/\/www.dag.com.vn\/#website\"},\"datePublished\":\"2017-08-01T06:59:10+00:00\",\"dateModified\":\"2017-12-07T02:41:31+00:00\",\"description\":\"T\u1eadp \u0110o\u00e0n Nh\u1ef1a \u0110\u00f4ng \u00c1 (\u2705 \u0110\u00e3 X\u00e1c Minh)\",\"breadcrumb\":{\"@id\":\"https:\/\/www.dag.com.vn\/lich-su-cong-ty\/#breadcrumb\"},\"inLanguage\":\"en-US\",\"potentialAction\":[{\"@type\":\"ReadAction\",\"target\":[\"https:\/\/www.dag.com.vn\/lich-su-cong-ty\/\"]}]},{\"@type\":\"BreadcrumbList\",\"@id\":\"https:\/\/www.dag.com.vn\/lich-su-cong-ty\/#breadcrumb\",\"itemListElement\":[{\"@type\":\"ListItem\",\"position\":1,\"name\":\"T\u1eadp \u0110o\u00e0n Nh\u1ef1a \u0110\u00f4ng \u00c1\",\"item\":\"https:\/\/www.dag.com.vn\/en\/\"},{\"@type\":\"ListItem\",\"position\":2,\"name\":\"L\u1ecbch s\u1eed c\u00f4ng ty\"}]},{\"@type\":\"WebSite\",\"@id\":\"https:\/\/www.dag.com.vn\/#website\",\"url\":\"https:\/\/www.dag.com.vn\/\",\"name\":\"DAG - T\u1eacP \u0110O\u00c0N NH\u1ef0A \u0110\u00d4NG \u00c1\",\"description\":\"DAG - T\u1eacP \u0110O\u00c0N NH\u1ef0A \u0110\u00d4NG \u00c1\",\"publisher\":{\"@id\":\"https:\/\/www.dag.com.vn\/#organization\"},\"potentialAction\":[{\"@type\":\"SearchAction\",\"target\":{\"@type\":\"EntryPoint\",\"urlTemplate\":\"https:\/\/www.dag.com.vn\/?s={search_term_string}\"},\"query-input\":\"required name=search_term_string\"}],\"inLanguage\":\"en-US\"},{\"@type\":\"Organization\",\"@id\":\"https:\/\/www.dag.com.vn\/#organization\",\"name\":\"T\u1eadp \u0110o\u00e0n Nh\u1ef1a \u0110\u00f4ng \u00c1\",\"url\":\"https:\/\/www.dag.com.vn\/\",\"logo\":{\"@type\":\"ImageObject\",\"inLanguage\":\"en-US\",\"@id\":\"https:\/\/www.dag.com.vn\/#\/schema\/logo\/image\/\",\"url\":\"https:\/\/www.dag.com.vn\/wp-content\/uploads\/2018\/01\/DAG-logo-A1.gif\",\"contentUrl\":\"https:\/\/www.dag.com.vn\/wp-content\/uploads\/2018\/01\/DAG-logo-A1.gif\",\"width\":488,\"height\":176,\"caption\":\"T\u1eadp \u0110o\u00e0n Nh\u1ef1a \u0110\u00f4ng \u00c1\"},\"image\":{\"@id\":\"https:\/\/www.dag.com.vn\/#\/schema\/logo\/image\/\"},\"sameAs\":[\"https:\/\/www.facebook.com\/CongTyCoPhanNhuaDongA\/\",\"https:\/\/www.linkedin.com\/in\/caunhualoithep-caocap-admin1-503202154\/\",\"https:\/\/www.pinterest.com\/tponnha\/\",\"https:\/\/www.youtube.com\/channel\/UCJN3LY0H4MhF12r-TboAs8g?view_as=subscriber\"]}]}<\/script>\n<!-- \/ Yoast SEO plugin. -->","yoast_head_json":{"title":"L\u1ecbch s\u1eed c\u00f4ng ty &raquo; DAG - T\u1eacP \u0110O\u00c0N NH\u1ef0A \u0110\u00d4NG \u00c1","description":"T\u1eadp \u0110o\u00e0n Nh\u1ef1a \u0110\u00f4ng \u00c1 (\u2705 \u0110\u00e3 X\u00e1c Minh)","robots":{"index":"index","follow":"follow","max-snippet":"max-snippet:-1","max-image-preview":"max-image-preview:large","max-video-preview":"max-video-preview:-1"},"canonical":"https:\/\/www.dag.com.vn\/lich-su-cong-ty\/","og_locale":"en_US","og_type":"article","og_title":"L\u1ecbch s\u1eed c\u00f4ng ty &raquo; DAG - T\u1eacP \u0110O\u00c0N NH\u1ef0A \u0110\u00d4NG \u00c1","og_description":"T\u1eadp \u0110o\u00e0n Nh\u1ef1a \u0110\u00f4ng \u00c1 (\u2705 \u0110\u00e3 X\u00e1c Minh)","og_url":"https:\/\/www.dag.com.vn\/lich-su-cong-ty\/","og_site_name":"DAG - T\u1eacP \u0110O\u00c0N NH\u1ef0A \u0110\u00d4NG \u00c1","article_publisher":"https:\/\/www.facebook.com\/CongTyCoPhanNhuaDongA\/","article_modified_time":"2017-12-07T02:41:31+00:00","twitter_card":"summary_large_image","twitter_misc":{"Est. reading time":"2 minutes"},"schema":{"@context":"https:\/\/schema.org","@graph":[{"@type":"WebPage","@id":"https:\/\/www.dag.com.vn\/lich-su-cong-ty\/","url":"https:\/\/www.dag.com.vn\/lich-su-cong-ty\/","name":"L\u1ecbch s\u1eed c\u00f4ng ty &raquo; DAG - T\u1eacP \u0110O\u00c0N NH\u1ef0A \u0110\u00d4NG \u00c1","isPartOf":{"@id":"https:\/\/www.dag.com.vn\/#website"},"datePublished":"2017-08-01T06:59:10+00:00","dateModified":"2017-12-07T02:41:31+00:00","description":"T\u1eadp \u0110o\u00e0n Nh\u1ef1a \u0110\u00f4ng \u00c1 (\u2705 \u0110\u00e3 X\u00e1c Minh)","breadcrumb":{"@id":"https:\/\/www.dag.com.vn\/lich-su-cong-ty\/#breadcrumb"},"inLanguage":"en-US","potentialAction":[{"@type":"ReadAction","target":["https:\/\/www.dag.com.vn\/lich-su-cong-ty\/"]}]},{"@type":"BreadcrumbList","@id":"https:\/\/www.dag.com.vn\/lich-su-cong-ty\/#breadcrumb","itemListElement":[{"@type":"ListItem","position":1,"name":"T\u1eadp \u0110o\u00e0n Nh\u1ef1a \u0110\u00f4ng \u00c1","item":"https:\/\/www.dag.com.vn\/en\/"},{"@type":"ListItem","position":2,"name":"L\u1ecbch s\u1eed c\u00f4ng ty"}]},{"@type":"WebSite","@id":"https:\/\/www.dag.com.vn\/#website","url":"https:\/\/www.dag.com.vn\/","name":"DAG - T\u1eacP \u0110O\u00c0N NH\u1ef0A \u0110\u00d4NG \u00c1","description":"DAG - T\u1eacP \u0110O\u00c0N NH\u1ef0A \u0110\u00d4NG \u00c1","publisher":{"@id":"https:\/\/www.dag.com.vn\/#organization"},"potentialAction":[{"@type":"SearchAction","target":{"@type":"EntryPoint","urlTemplate":"https:\/\/www.dag.com.vn\/?s={search_term_string}"},"query-input":"required name=search_term_string"}],"inLanguage":"en-US"},{"@type":"Organization","@id":"https:\/\/www.dag.com.vn\/#organization","name":"T\u1eadp \u0110o\u00e0n Nh\u1ef1a \u0110\u00f4ng \u00c1","url":"https:\/\/www.dag.com.vn\/","logo":{"@type":"ImageObject","inLanguage":"en-US","@id":"https:\/\/www.dag.com.vn\/#\/schema\/logo\/image\/","url":"https:\/\/www.dag.com.vn\/wp-content\/uploads\/2018\/01\/DAG-logo-A1.gif","contentUrl":"https:\/\/www.dag.com.vn\/wp-content\/uploads\/2018\/01\/DAG-logo-A1.gif","width":488,"height":176,"caption":"T\u1eadp \u0110o\u00e0n Nh\u1ef1a \u0110\u00f4ng \u00c1"},"image":{"@id":"https:\/\/www.dag.com.vn\/#\/schema\/logo\/image\/"},"sameAs":["https:\/\/www.facebook.com\/CongTyCoPhanNhuaDongA\/","https:\/\/www.linkedin.com\/in\/caunhualoithep-caocap-admin1-503202154\/","https:\/\/www.pinterest.com\/tponnha\/","https:\/\/www.youtube.com\/channel\/UCJN3LY0H4MhF12r-TboAs8g?view_as=subscriber"]}]}},"_links":{"self":[{"href":"https:\/\/www.dag.com.vn\/en\/wp-json\/wp\/v2\/pages\/873"}],"collection":[{"href":"https:\/\/www.dag.com.vn\/en\/wp-json\/wp\/v2\/pages"}],"about":[{"href":"https:\/\/www.dag.com.vn\/en\/wp-json\/wp\/v2\/types\/page"}],"author":[{"embeddable":true,"href":"https:\/\/www.dag.com.vn\/en\/wp-json\/wp\/v2\/users\/15"}],"replies":[{"embeddable":true,"href":"https:\/\/www.dag.com.vn\/en\/wp-json\/wp\/v2\/comments?post=873"}],"version-history":[{"count":0,"href":"https:\/\/www.dag.com.vn\/en\/wp-json\/wp\/v2\/pages\/873\/revisions"}],"wp:attachment":[{"href":"https:\/\/www.dag.com.vn\/en\/wp-json\/wp\/v2\/media?parent=873"}],"curies":[{"name":"wp","href":"https:\/\/api.w.org\/{rel}","templated":true}]}}