{"id":865,"date":"2017-08-07T14:00:12","date_gmt":"2017-08-07T07:00:12","guid":{"rendered":"https:\/\/www.dag.com.vn\/?page_id=865"},"modified":"2017-08-07T14:00:12","modified_gmt":"2017-08-07T07:00:12","slug":"cac-giai-thuong","status":"publish","type":"page","link":"https:\/\/www.dag.com.vn\/en\/cac-giai-thuong\/","title":{"rendered":"C\u00e1c gi\u1ea3i th\u01b0\u1edfng"},"content":{"rendered":"<div class=\"row\"  id=\"row-1775009282\">\n\n\t<div id=\"col-1127169961\" class=\"col medium-3 small-12 large-3\"  >\n\t\t\t\t<div class=\"col-inner\"  >\n\t\t\t\n\t\t\t\n<ul class=\"sidebar-wrapper ul-reset\"><div id=\"project\"><aside id=\"td_codong-2\" class=\"widget widget_td_codong\"><h3 class=\"widget-title\"><span>Quan h\u1ec7 c\u1ed5 \u0111\u00f4ng<\/span><\/h3><ul><li class=\"duan_line_main\"><a href=\"https:\/\/www.dag.com.vn\/en\/danh-muc-co-dong\/legal-documents\/\" alt=\"View all post filed under Legal documents\">Legal documents<\/a><\/li><li class=\"duan_line_main\"><a href=\"https:\/\/www.dag.com.vn\/en\/danh-muc-co-dong\/help-shareholders\/\" alt=\"View all post filed under Help shareholders\">Help shareholders<\/a><\/li><li class=\"duan_line_main\"><a href=\"https:\/\/www.dag.com.vn\/en\/danh-muc-co-dong\/publish-news\/\" alt=\"View all post filed under Publish news\">Publish news<\/a><\/li><li class=\"duan_line_main\"><a href=\"https:\/\/www.dag.com.vn\/en\/danh-muc-co-dong\/prospectus\/\" alt=\"View all post filed under Prospectus\">Prospectus<\/a><\/li><li class=\"duan_line_main\"><a href=\"https:\/\/www.dag.com.vn\/en\/danh-muc-co-dong\/financial-report\/\" alt=\"View all post filed under Financial report\">Financial report<\/a><\/li><li class=\"duan_line_main\"><a href=\"https:\/\/www.dag.com.vn\/en\/danh-muc-co-dong\/annual-report\/\" alt=\"View all post filed under Annual report\">Annual report<\/a><\/li><li class=\"duan_line_main\"><a href=\"https:\/\/www.dag.com.vn\/en\/danh-muc-co-dong\/shareholders-meeting\/\" alt=\"View all post filed under Shareholders&#039; meeting\">Shareholders&#039; meeting<\/a><\/li><\/ul><\/aside><\/div>\t\t<div id=\"project\"><aside id=\"flatsome_recent_posts-18\" class=\"widget flatsome_recent_posts\">\t\t<h3 class=\"widget-title\">Ti\u00eau \u0110i\u1ec3m<\/h3>\t\t<ul>\t\t\n\t\t\n\t\t<li class=\"recent-blog-posts-li\">\n\t\t\t<div class=\"flex-row recent-blog-posts align-top pt-half pb-half\">\n\t\t\t\t<div class=\"flex-col mr-half\">\n\t\t\t\t\t<div class=\"badge post-date badge-small badge-outline\">\n\t\t\t\t\t\t\t<div class=\"badge-inner bg-fill\" >\n                                \t\t\t\t\t\t\t\t<span class=\"post-date-day\">13<\/span><br>\n\t\t\t\t\t\t\t\t<span class=\"post-date-month is-xsmall\">Jan<\/span>\n                                \t\t\t\t\t\t\t<\/div>\n\t\t\t\t\t<\/div>\n\t\t\t\t<\/div>\n\t\t\t\t<div class=\"flex-col flex-grow\">\n\t\t\t\t\t  <a href=\"https:\/\/www.dag.com.vn\/en\/dag-is-the-top-500-largest-enterprises-in-vietnam\/\" title=\"DAG is The Top 500 largest enterprises in Vietnam\">DAG is The Top 500 largest enterprises in Vietnam<\/a>\n\t\t\t\t   \t  <span class=\"post_comments op-7 block is-xsmall\"><span>Comments Off<span class=\"screen-reader-text\"> on DAG is The Top 500 largest enterprises in Vietnam<\/span><\/span><\/span>\n\t\t\t\t<\/div>\n\t\t\t<\/div>\n\t\t<\/li>\n\t\t\n\t\t\n\t\t<li class=\"recent-blog-posts-li\">\n\t\t\t<div class=\"flex-row recent-blog-posts align-top pt-half pb-half\">\n\t\t\t\t<div class=\"flex-col mr-half\">\n\t\t\t\t\t<div class=\"badge post-date badge-small badge-outline\">\n\t\t\t\t\t\t\t<div class=\"badge-inner bg-fill\" >\n                                \t\t\t\t\t\t\t\t<span class=\"post-date-day\">13<\/span><br>\n\t\t\t\t\t\t\t\t<span class=\"post-date-month is-xsmall\">Jan<\/span>\n                                \t\t\t\t\t\t\t<\/div>\n\t\t\t\t\t<\/div>\n\t\t\t\t<\/div>\n\t\t\t\t<div class=\"flex-col flex-grow\">\n\t\t\t\t\t  <a href=\"https:\/\/www.dag.com.vn\/en\/dag-in-top-500-largest-enterprises-in-vietnam-2020\/\" title=\"DAG in Top 500 largest enterprises in Vietnam 2020\">DAG in Top 500 largest enterprises in Vietnam 2020<\/a>\n\t\t\t\t   \t  <span class=\"post_comments op-7 block is-xsmall\"><span>Comments Off<span class=\"screen-reader-text\"> on DAG in Top 500 largest enterprises in Vietnam 2020<\/span><\/span><\/span>\n\t\t\t\t<\/div>\n\t\t\t<\/div>\n\t\t<\/li>\n\t\t\n\t\t\n\t\t<li class=\"recent-blog-posts-li\">\n\t\t\t<div class=\"flex-row recent-blog-posts align-top pt-half pb-half\">\n\t\t\t\t<div class=\"flex-col mr-half\">\n\t\t\t\t\t<div class=\"badge post-date badge-small badge-outline\">\n\t\t\t\t\t\t\t<div class=\"badge-inner bg-fill\" >\n                                \t\t\t\t\t\t\t\t<span class=\"post-date-day\">26<\/span><br>\n\t\t\t\t\t\t\t\t<span class=\"post-date-month is-xsmall\">Jun<\/span>\n                                \t\t\t\t\t\t\t<\/div>\n\t\t\t\t\t<\/div>\n\t\t\t\t<\/div>\n\t\t\t\t<div class=\"flex-col flex-grow\">\n\t\t\t\t\t  <a href=\"https:\/\/www.dag.com.vn\/en\/dag-organizes-the-annual-general-meeting-of-shareholders-2020\/\" title=\"DAG organizes the Annual General Meeting of Shareholders 2020\">DAG organizes the Annual General Meeting of Shareholders 2020<\/a>\n\t\t\t\t   \t  <span class=\"post_comments op-7 block is-xsmall\"><span>Comments Off<span class=\"screen-reader-text\"> on DAG organizes the Annual General Meeting of Shareholders 2020<\/span><\/span><\/span>\n\t\t\t\t<\/div>\n\t\t\t<\/div>\n\t\t<\/li>\n\t\t\n\t\t\n\t\t<li class=\"recent-blog-posts-li\">\n\t\t\t<div class=\"flex-row recent-blog-posts align-top pt-half pb-half\">\n\t\t\t\t<div class=\"flex-col mr-half\">\n\t\t\t\t\t<div class=\"badge post-date badge-small badge-outline\">\n\t\t\t\t\t\t\t<div class=\"badge-inner bg-fill\" >\n                                \t\t\t\t\t\t\t\t<span class=\"post-date-day\">15<\/span><br>\n\t\t\t\t\t\t\t\t<span class=\"post-date-month is-xsmall\">Jun<\/span>\n                                \t\t\t\t\t\t\t<\/div>\n\t\t\t\t\t<\/div>\n\t\t\t\t<\/div>\n\t\t\t\t<div class=\"flex-col flex-grow\">\n\t\t\t\t\t  <a href=\"https:\/\/www.dag.com.vn\/en\/cong-ty-co-phan-tap-doan-nhua-dong-a-dag-thong-bao-moi-hop-dhdcd-2020\/\" title=\"Dong A Plastic Joint Stock Company (DAG) announces invitation to the General Meeting of Shareholders 2020\">Dong A Plastic Joint Stock Company (DAG) announces invitation to the General Meeting of Shareholders 2020<\/a>\n\t\t\t\t   \t  <span class=\"post_comments op-7 block is-xsmall\"><span>Comments Off<span class=\"screen-reader-text\"> on Dong A Plastic Joint Stock Company (DAG) announces invitation to the General Meeting of Shareholders 2020<\/span><\/span><\/span>\n\t\t\t\t<\/div>\n\t\t\t<\/div>\n\t\t<\/li>\n\t\t\n\t\t\n\t\t<li class=\"recent-blog-posts-li\">\n\t\t\t<div class=\"flex-row recent-blog-posts align-top pt-half pb-half\">\n\t\t\t\t<div class=\"flex-col mr-half\">\n\t\t\t\t\t<div class=\"badge post-date badge-small badge-outline\">\n\t\t\t\t\t\t\t<div class=\"badge-inner bg-fill\" >\n                                \t\t\t\t\t\t\t\t<span class=\"post-date-day\">09<\/span><br>\n\t\t\t\t\t\t\t\t<span class=\"post-date-month is-xsmall\">Jun<\/span>\n                                \t\t\t\t\t\t\t<\/div>\n\t\t\t\t\t<\/div>\n\t\t\t\t<\/div>\n\t\t\t\t<div class=\"flex-col flex-grow\">\n\t\t\t\t\t  <a href=\"https:\/\/www.dag.com.vn\/en\/dag-dat-danh-hieu-hang-viet-nam-chat-luong-cao-2020\/\" title=\"DAG won the title of High Quality Vietnamese Products 2020\">DAG won the title of High Quality Vietnamese Products 2020<\/a>\n\t\t\t\t   \t  <span class=\"post_comments op-7 block is-xsmall\"><span>Comments Off<span class=\"screen-reader-text\"> on DAG won the title of High Quality Vietnamese Products 2020<\/span><\/span><\/span>\n\t\t\t\t<\/div>\n\t\t\t<\/div>\n\t\t<\/li>\n\t\t\t\t<\/ul>\t\t<\/aside><\/div><div id=\"project\"><aside id=\"custom_html-6\" class=\"widget_text widget widget_custom_html\"><div class=\"textwidget custom-html-widget\"><h3><b>LI\u00caN H\u1ec6 KINH DOANH<\/b><\/h3>\r\n<br>\r\n<h5>Ph\u00f2ng kinh doanh Mi\u1ec1n B\u1eafc<\/h5>\r\n\u0110i\u1ec7n tho\u1ea1i : (024) 3793 8686 ext: 188<br>\r\nDi \u0111\u1ed9ng : 0904 483 988 <br>\r\nEmail: gdkd1@dag.com.vn\r\n<br><br\/>\r\n\r\n<h5>Ph\u00f2ng kinh doanh Mi\u1ec1n Trung<\/h5>\r\n\u0110i\u1ec7n tho\u1ea1i : (024) 3793 8181 ext: 167 <br>\r\nDi \u0111\u1ed9ng : 0936 160 566 <br>\r\nEmail: gdkd2@dag.com.vn\r\n<br><br\/>\r\n\r\n<h5>Ph\u00f2ng kinh doanh Mi\u1ec1n Nam<\/h5>\r\n\u0110i\u1ec7n tho\u1ea1i : (028) 3754.3888<br>\r\nDi \u0111\u1ed9ng: 0936 383 368<br>\r\nEmail: gdkd3@dag.com.vn<br>\r\n<br><br\/>\r\n\r\n<h5>SMW-Ph\u00f2ng kinh doanh d\u1ef1 \u00e1n c\u1eeda uPVC v\u00e0 c\u1eeda nh\u00f4m<\/h5>\r\n\u0110i\u1ec7n tho\u1ea1i: (024) 3793.8943 ext: 198 <br>\r\nDi \u0111\u1ed9ng: 0904 516 266 <br>\r\nEmail: kdsmw@dag.com.vn\r\n\r\n<br><br\/>\r\n<h5>Ph\u00f2ng Xu\u1ea5t Kh\u1ea9u<\/h5>\r\n\u0110i\u1ec7n tho\u1ea1i: 090 418 4458 <br>\r\nDi \u0111\u1ed9ng: 090 418 4458 <br>\r\nEmail: export1@dag.com.vn \r\n\r\n<br><br\/>\r\n<h5>Ph\u00f2ng Marketing<\/h5>\r\n\u0110i\u1ec7n tho\u1ea1i: (024)3793 8686 ext: 178 <br>\r\nEmail: mkt@dag.com.vn \r\n<\/div><\/aside><\/div><div id=\"project\"><aside id=\"custom_html-10\" class=\"widget_text widget widget_custom_html\"><div class=\"textwidget custom-html-widget\"><b>Video clip<\/b>\r\n<iframe width= 100% height= 100% src=\"https:\/\/www.youtube.com\/embed\/0QEA9m3lX_s\" frameborder=\"0\" allow=\"accelerometer; autoplay; encrypted-media; gyroscope; picture-in-picture\" allowfullscreen><\/iframe><\/div><\/aside><\/div><div id=\"project\"><aside id=\"custom_html-11\" class=\"widget_text widget widget_custom_html\"><div class=\"textwidget custom-html-widget\"><div style=\"overflow: hidden;\">\r\n\t<div class=\"fb-page\" data-href=\"https:\/\/www.facebook.com\/CongTyCoPhanNhuaDongA\/\" data-small-header=\"false\" data-adapt-container-width=\"true\" data-hide-cover=\"false\" data-show-facepile=\"true\"><blockquote cite=\"https:\/\/www.facebook.com\/CongTyCoPhanNhuaDongA\/\" class=\"fb-xfbml-parse-ignore\"><a href=\"https:\/\/www.facebook.com\/CongTyCoPhanNhuaDongA\/\">Nh\u1ef1a \u0110\u00f4ng \u00c1<\/a><\/blockquote><\/div>\r\n<\/div>\r\n<\/div><\/aside><\/div><\/ul>\n\t\t<\/div>\n\t\t\t\t\t<\/div>\n\n\t\n\n\t<div id=\"col-2119091413\" class=\"col medium-9 small-12 large-9\"  >\n\t\t\t\t<div class=\"col-inner\"  >\n\t\t\t\n\t\t\t\n<p>\u0110ang c\u1eadp nh\u1eadt n\u1ed9i dung&#8230;<\/p>\n\t\t<\/div>\n\t\t\t\t\t<\/div>\n\n\t\n<\/div>\n\n\n<div class=\"kk-star-ratings kksr-auto kksr-align-right kksr-valign-bottom\"\n    data-payload='{&quot;align&quot;:&quot;right&quot;,&quot;id&quot;:&quot;8568&quot;,&quot;slug&quot;:&quot;default&quot;,&quot;valign&quot;:&quot;bottom&quot;,&quot;ignore&quot;:&quot;&quot;,&quot;reference&quot;:&quot;auto&quot;,&quot;class&quot;:&quot;&quot;,&quot;count&quot;:&quot;1&quot;,&quot;legendonly&quot;:&quot;&quot;,&quot;readonly&quot;:&quot;&quot;,&quot;score&quot;:&quot;5&quot;,&quot;starsonly&quot;:&quot;&quot;,&quot;best&quot;:&quot;5&quot;,&quot;gap&quot;:&quot;0&quot;,&quot;greet&quot;:&quot;Ch\\u00e0o M\\u1eebng B\\u1ea1n \\u0110\\u1ebfn V\\u1edbi DAG&quot;,&quot;legend&quot;:&quot;5\\\/5 - (1 vote)&quot;,&quot;size&quot;:&quot;10&quot;,&quot;title&quot;:&quot;DAG won the title of High Quality Vietnamese Products 2020&quot;,&quot;width&quot;:&quot;50&quot;,&quot;_legend&quot;:&quot;{score}\\\/{best} - ({count} {votes})&quot;,&quot;font_factor&quot;:&quot;1.25&quot;}'>\n            \n<div class=\"kksr-stars\">\n    \n<div class=\"kksr-stars-inactive\">\n            <div class=\"kksr-star\" data-star=\"1\" style=\"padding-right: 0px\">\n            \n\n<div class=\"kksr-icon\" style=\"width: 10px; height: 10px;\"><\/div>\n        <\/div>\n            <div class=\"kksr-star\" data-star=\"2\" style=\"padding-right: 0px\">\n            \n\n<div class=\"kksr-icon\" style=\"width: 10px; height: 10px;\"><\/div>\n        <\/div>\n            <div class=\"kksr-star\" data-star=\"3\" style=\"padding-right: 0px\">\n            \n\n<div class=\"kksr-icon\" style=\"width: 10px; height: 10px;\"><\/div>\n        <\/div>\n            <div class=\"kksr-star\" data-star=\"4\" style=\"padding-right: 0px\">\n            \n\n<div class=\"kksr-icon\" style=\"width: 10px; height: 10px;\"><\/div>\n        <\/div>\n            <div class=\"kksr-star\" data-star=\"5\" style=\"padding-right: 0px\">\n            \n\n<div class=\"kksr-icon\" style=\"width: 10px; height: 10px;\"><\/div>\n        <\/div>\n    <\/div>\n    \n<div class=\"kksr-stars-active\" style=\"width: 50px;\">\n            <div class=\"kksr-star\" style=\"padding-right: 0px\">\n            \n\n<div class=\"kksr-icon\" style=\"width: 10px; height: 10px;\"><\/div>\n        <\/div>\n            <div class=\"kksr-star\" style=\"padding-right: 0px\">\n            \n\n<div class=\"kksr-icon\" style=\"width: 10px; height: 10px;\"><\/div>\n        <\/div>\n            <div class=\"kksr-star\" style=\"padding-right: 0px\">\n            \n\n<div class=\"kksr-icon\" style=\"width: 10px; height: 10px;\"><\/div>\n        <\/div>\n            <div class=\"kksr-star\" style=\"padding-right: 0px\">\n            \n\n<div class=\"kksr-icon\" style=\"width: 10px; height: 10px;\"><\/div>\n        <\/div>\n            <div class=\"kksr-star\" style=\"padding-right: 0px\">\n            \n\n<div class=\"kksr-icon\" style=\"width: 10px; height: 10px;\"><\/div>\n        <\/div>\n    <\/div>\n<\/div>\n                \n\n<div class=\"kksr-legend\" style=\"font-size: 8px;\">\n            5\/5 - (1 vote)    <\/div>\n    <\/div>\n","protected":false},"excerpt":{"rendered":"","protected":false},"author":15,"featured_media":0,"parent":0,"menu_order":0,"comment_status":"closed","ping_status":"closed","template":"page-right-sidebar.php","meta":[],"yoast_head":"<!-- This site is optimized with the Yoast SEO plugin v20.13 - https:\/\/yoast.com\/wordpress\/plugins\/seo\/ -->\n<title>C\u00e1c gi\u1ea3i th\u01b0\u1edfng &raquo; DAG - T\u1eacP \u0110O\u00c0N NH\u1ef0A \u0110\u00d4NG \u00c1<\/title>\n<meta name=\"description\" content=\"T\u1eadp \u0110o\u00e0n Nh\u1ef1a \u0110\u00f4ng \u00c1 (\u2705 \u0110\u00e3 X\u00e1c Minh)\" \/>\n<meta name=\"robots\" content=\"index, follow, max-snippet:-1, max-image-preview:large, max-video-preview:-1\" \/>\n<link rel=\"canonical\" href=\"https:\/\/www.dag.com.vn\/cac-giai-thuong-chung-chi\/\" \/>\n<meta property=\"og:locale\" content=\"en_US\" \/>\n<meta property=\"og:type\" content=\"article\" \/>\n<meta property=\"og:title\" content=\"C\u00e1c gi\u1ea3i th\u01b0\u1edfng &raquo; DAG - T\u1eacP \u0110O\u00c0N NH\u1ef0A \u0110\u00d4NG \u00c1\" \/>\n<meta property=\"og:description\" content=\"T\u1eadp \u0110o\u00e0n Nh\u1ef1a \u0110\u00f4ng \u00c1 (\u2705 \u0110\u00e3 X\u00e1c Minh)\" \/>\n<meta property=\"og:url\" content=\"https:\/\/www.dag.com.vn\/cac-giai-thuong-chung-chi\/\" \/>\n<meta property=\"og:site_name\" content=\"DAG - T\u1eacP \u0110O\u00c0N NH\u1ef0A \u0110\u00d4NG \u00c1\" \/>\n<meta property=\"article:publisher\" content=\"https:\/\/www.facebook.com\/CongTyCoPhanNhuaDongA\/\" \/>\n<meta name=\"twitter:card\" content=\"summary_large_image\" \/>\n<script type=\"application\/ld+json\" class=\"yoast-schema-graph\">{\"@context\":\"https:\/\/schema.org\",\"@graph\":[{\"@type\":\"WebPage\",\"@id\":\"https:\/\/www.dag.com.vn\/cac-giai-thuong-chung-chi\/\",\"url\":\"https:\/\/www.dag.com.vn\/cac-giai-thuong-chung-chi\/\",\"name\":\"C\u00e1c gi\u1ea3i th\u01b0\u1edfng &raquo; DAG - T\u1eacP \u0110O\u00c0N NH\u1ef0A \u0110\u00d4NG \u00c1\",\"isPartOf\":{\"@id\":\"https:\/\/www.dag.com.vn\/#website\"},\"datePublished\":\"2017-08-07T07:00:12+00:00\",\"dateModified\":\"2017-08-07T07:00:12+00:00\",\"description\":\"T\u1eadp \u0110o\u00e0n Nh\u1ef1a \u0110\u00f4ng \u00c1 (\u2705 \u0110\u00e3 X\u00e1c Minh)\",\"breadcrumb\":{\"@id\":\"https:\/\/www.dag.com.vn\/cac-giai-thuong-chung-chi\/#breadcrumb\"},\"inLanguage\":\"en-US\",\"potentialAction\":[{\"@type\":\"ReadAction\",\"target\":[\"https:\/\/www.dag.com.vn\/cac-giai-thuong-chung-chi\/\"]}]},{\"@type\":\"BreadcrumbList\",\"@id\":\"https:\/\/www.dag.com.vn\/cac-giai-thuong-chung-chi\/#breadcrumb\",\"itemListElement\":[{\"@type\":\"ListItem\",\"position\":1,\"name\":\"T\u1eadp \u0110o\u00e0n Nh\u1ef1a \u0110\u00f4ng \u00c1\",\"item\":\"https:\/\/www.dag.com.vn\/en\/\"},{\"@type\":\"ListItem\",\"position\":2,\"name\":\"C\u00e1c gi\u1ea3i th\u01b0\u1edfng\"}]},{\"@type\":\"WebSite\",\"@id\":\"https:\/\/www.dag.com.vn\/#website\",\"url\":\"https:\/\/www.dag.com.vn\/\",\"name\":\"DAG - T\u1eacP \u0110O\u00c0N NH\u1ef0A \u0110\u00d4NG \u00c1\",\"description\":\"DAG - T\u1eacP \u0110O\u00c0N NH\u1ef0A \u0110\u00d4NG \u00c1\",\"publisher\":{\"@id\":\"https:\/\/www.dag.com.vn\/#organization\"},\"potentialAction\":[{\"@type\":\"SearchAction\",\"target\":{\"@type\":\"EntryPoint\",\"urlTemplate\":\"https:\/\/www.dag.com.vn\/?s={search_term_string}\"},\"query-input\":\"required name=search_term_string\"}],\"inLanguage\":\"en-US\"},{\"@type\":\"Organization\",\"@id\":\"https:\/\/www.dag.com.vn\/#organization\",\"name\":\"T\u1eadp \u0110o\u00e0n Nh\u1ef1a \u0110\u00f4ng \u00c1\",\"url\":\"https:\/\/www.dag.com.vn\/\",\"logo\":{\"@type\":\"ImageObject\",\"inLanguage\":\"en-US\",\"@id\":\"https:\/\/www.dag.com.vn\/#\/schema\/logo\/image\/\",\"url\":\"https:\/\/www.dag.com.vn\/wp-content\/uploads\/2018\/01\/DAG-logo-A1.gif\",\"contentUrl\":\"https:\/\/www.dag.com.vn\/wp-content\/uploads\/2018\/01\/DAG-logo-A1.gif\",\"width\":488,\"height\":176,\"caption\":\"T\u1eadp \u0110o\u00e0n Nh\u1ef1a \u0110\u00f4ng \u00c1\"},\"image\":{\"@id\":\"https:\/\/www.dag.com.vn\/#\/schema\/logo\/image\/\"},\"sameAs\":[\"https:\/\/www.facebook.com\/CongTyCoPhanNhuaDongA\/\",\"https:\/\/www.linkedin.com\/in\/caunhualoithep-caocap-admin1-503202154\/\",\"https:\/\/www.pinterest.com\/tponnha\/\",\"https:\/\/www.youtube.com\/channel\/UCJN3LY0H4MhF12r-TboAs8g?view_as=subscriber\"]}]}<\/script>\n<!-- \/ Yoast SEO plugin. -->","yoast_head_json":{"title":"C\u00e1c gi\u1ea3i th\u01b0\u1edfng &raquo; DAG - T\u1eacP \u0110O\u00c0N NH\u1ef0A \u0110\u00d4NG \u00c1","description":"T\u1eadp \u0110o\u00e0n Nh\u1ef1a \u0110\u00f4ng \u00c1 (\u2705 \u0110\u00e3 X\u00e1c Minh)","robots":{"index":"index","follow":"follow","max-snippet":"max-snippet:-1","max-image-preview":"max-image-preview:large","max-video-preview":"max-video-preview:-1"},"canonical":"https:\/\/www.dag.com.vn\/cac-giai-thuong-chung-chi\/","og_locale":"en_US","og_type":"article","og_title":"C\u00e1c gi\u1ea3i th\u01b0\u1edfng &raquo; DAG - T\u1eacP \u0110O\u00c0N NH\u1ef0A \u0110\u00d4NG \u00c1","og_description":"T\u1eadp \u0110o\u00e0n Nh\u1ef1a \u0110\u00f4ng \u00c1 (\u2705 \u0110\u00e3 X\u00e1c Minh)","og_url":"https:\/\/www.dag.com.vn\/cac-giai-thuong-chung-chi\/","og_site_name":"DAG - T\u1eacP \u0110O\u00c0N NH\u1ef0A \u0110\u00d4NG \u00c1","article_publisher":"https:\/\/www.facebook.com\/CongTyCoPhanNhuaDongA\/","twitter_card":"summary_large_image","schema":{"@context":"https:\/\/schema.org","@graph":[{"@type":"WebPage","@id":"https:\/\/www.dag.com.vn\/cac-giai-thuong-chung-chi\/","url":"https:\/\/www.dag.com.vn\/cac-giai-thuong-chung-chi\/","name":"C\u00e1c gi\u1ea3i th\u01b0\u1edfng &raquo; DAG - T\u1eacP \u0110O\u00c0N NH\u1ef0A \u0110\u00d4NG \u00c1","isPartOf":{"@id":"https:\/\/www.dag.com.vn\/#website"},"datePublished":"2017-08-07T07:00:12+00:00","dateModified":"2017-08-07T07:00:12+00:00","description":"T\u1eadp \u0110o\u00e0n Nh\u1ef1a \u0110\u00f4ng \u00c1 (\u2705 \u0110\u00e3 X\u00e1c Minh)","breadcrumb":{"@id":"https:\/\/www.dag.com.vn\/cac-giai-thuong-chung-chi\/#breadcrumb"},"inLanguage":"en-US","potentialAction":[{"@type":"ReadAction","target":["https:\/\/www.dag.com.vn\/cac-giai-thuong-chung-chi\/"]}]},{"@type":"BreadcrumbList","@id":"https:\/\/www.dag.com.vn\/cac-giai-thuong-chung-chi\/#breadcrumb","itemListElement":[{"@type":"ListItem","position":1,"name":"T\u1eadp \u0110o\u00e0n Nh\u1ef1a \u0110\u00f4ng \u00c1","item":"https:\/\/www.dag.com.vn\/en\/"},{"@type":"ListItem","position":2,"name":"C\u00e1c gi\u1ea3i th\u01b0\u1edfng"}]},{"@type":"WebSite","@id":"https:\/\/www.dag.com.vn\/#website","url":"https:\/\/www.dag.com.vn\/","name":"DAG - T\u1eacP \u0110O\u00c0N NH\u1ef0A \u0110\u00d4NG \u00c1","description":"DAG - T\u1eacP \u0110O\u00c0N NH\u1ef0A \u0110\u00d4NG \u00c1","publisher":{"@id":"https:\/\/www.dag.com.vn\/#organization"},"potentialAction":[{"@type":"SearchAction","target":{"@type":"EntryPoint","urlTemplate":"https:\/\/www.dag.com.vn\/?s={search_term_string}"},"query-input":"required name=search_term_string"}],"inLanguage":"en-US"},{"@type":"Organization","@id":"https:\/\/www.dag.com.vn\/#organization","name":"T\u1eadp \u0110o\u00e0n Nh\u1ef1a \u0110\u00f4ng \u00c1","url":"https:\/\/www.dag.com.vn\/","logo":{"@type":"ImageObject","inLanguage":"en-US","@id":"https:\/\/www.dag.com.vn\/#\/schema\/logo\/image\/","url":"https:\/\/www.dag.com.vn\/wp-content\/uploads\/2018\/01\/DAG-logo-A1.gif","contentUrl":"https:\/\/www.dag.com.vn\/wp-content\/uploads\/2018\/01\/DAG-logo-A1.gif","width":488,"height":176,"caption":"T\u1eadp \u0110o\u00e0n Nh\u1ef1a \u0110\u00f4ng \u00c1"},"image":{"@id":"https:\/\/www.dag.com.vn\/#\/schema\/logo\/image\/"},"sameAs":["https:\/\/www.facebook.com\/CongTyCoPhanNhuaDongA\/","https:\/\/www.linkedin.com\/in\/caunhualoithep-caocap-admin1-503202154\/","https:\/\/www.pinterest.com\/tponnha\/","https:\/\/www.youtube.com\/channel\/UCJN3LY0H4MhF12r-TboAs8g?view_as=subscriber"]}]}},"_links":{"self":[{"href":"https:\/\/www.dag.com.vn\/en\/wp-json\/wp\/v2\/pages\/865"}],"collection":[{"href":"https:\/\/www.dag.com.vn\/en\/wp-json\/wp\/v2\/pages"}],"about":[{"href":"https:\/\/www.dag.com.vn\/en\/wp-json\/wp\/v2\/types\/page"}],"author":[{"embeddable":true,"href":"https:\/\/www.dag.com.vn\/en\/wp-json\/wp\/v2\/users\/15"}],"replies":[{"embeddable":true,"href":"https:\/\/www.dag.com.vn\/en\/wp-json\/wp\/v2\/comments?post=865"}],"version-history":[{"count":0,"href":"https:\/\/www.dag.com.vn\/en\/wp-json\/wp\/v2\/pages\/865\/revisions"}],"wp:attachment":[{"href":"https:\/\/www.dag.com.vn\/en\/wp-json\/wp\/v2\/media?parent=865"}],"curies":[{"name":"wp","href":"https:\/\/api.w.org\/{rel}","templated":true}]}}