{"id":730,"date":"2017-08-07T10:40:24","date_gmt":"2017-08-07T03:40:24","guid":{"rendered":"https:\/\/www.dag.com.vn\/?page_id=730"},"modified":"2017-08-07T10:40:24","modified_gmt":"2017-08-07T03:40:24","slug":"thong-phan-phoi-en","status":"publish","type":"page","link":"https:\/\/www.dag.com.vn\/en\/thong-phan-phoi-en\/","title":{"rendered":"H\u1ec7 th\u1ed1ng ph\u00e2n ph\u1ed1i EN"},"content":{"rendered":"<style>\r\n\t#wpsl-stores .wpsl-store-thumb {height:45px !important; width:45px !important;}\r\n\t#wpsl-stores, #wpsl-direction-details, #wpsl-gmap {height:350px !important;}\r\n\t#wpsl-gmap .wpsl-info-window {max-width:225px !important;}\r\n\t.wpsl-input label, #wpsl-radius label, #wpsl-category label {width:95px;}\r\n\t#wpsl-search-input  {width:179px;}\r\n<\/style>\r\n<div id=\"wpsl-wrap\">\r\n\t<div class=\"wpsl-search wpsl-clearfix \">\r\n\t\t<div id=\"wpsl-search-wrap\">\r\n\t\t\t<form autocomplete=\"off\">\r\n\t\t\t<div class=\"wpsl-input\">\r\n\t\t\t\t<div><label for=\"wpsl-search-input\">Your location<\/label><\/div>\r\n\t\t\t\t<input id=\"wpsl-search-input\" type=\"text\" value=\"\" name=\"wpsl-search-input\" placeholder=\"\" aria-required=\"true\" \/>\r\n\t\t\t<\/div>\r\n\t\t\t<div class=\"wpsl-select-wrap\">\r\n\t\t\t\t<div id=\"wpsl-radius\">\r\n\t\t\t\t\t<label for=\"wpsl-radius-dropdown\">Search radius<\/label>\r\n\t\t\t\t\t<select id=\"wpsl-radius-dropdown\" class=\"wpsl-dropdown\" name=\"wpsl-radius\">\r\n\t\t\t\t\t\t<option value=\"10\">10 km<\/option><option value=\"25\">25 km<\/option><option selected=\"selected\" value=\"50\">50 km<\/option><option value=\"100\">100 km<\/option><option value=\"200\">200 km<\/option><option value=\"500\">500 km<\/option>\r\n\t\t\t\t\t<\/select>\r\n\t\t\t\t<\/div>\r\n\t\t\t\t<div id=\"wpsl-results\">\r\n\t\t\t\t\t<label for=\"wpsl-results-dropdown\">Results<\/label>\r\n\t\t\t\t\t<select id=\"wpsl-results-dropdown\" class=\"wpsl-dropdown\" name=\"wpsl-results\">\r\n\t\t\t\t\t\t<option selected=\"selected\" value=\"25\">25<\/option><option value=\"50\">50<\/option><option value=\"75\">75<\/option><option value=\"100\">100<\/option>\r\n\t\t\t\t\t<\/select>\r\n\t\t\t\t<\/div>\r\n\t\t\t<\/div>\r\n\t\t\t\t<div class=\"wpsl-search-btn-wrap\"><input id=\"wpsl-search-btn\" type=\"submit\" value=\"Search\"><\/div>\r\n\t\t<\/form>\r\n\t\t<\/div>\r\n\t<\/div>\r\n\t<div id=\"wpsl-gmap\" class=\"wpsl-gmap-canvas\"><\/div>\r\n\t<div id=\"wpsl-result-list\">\r\n\t\t<div id=\"wpsl-stores\" >\r\n\t\t\t<ul><\/ul>\r\n\t\t<\/div>\r\n\t\t<div id=\"wpsl-direction-details\">\r\n\t\t\t<ul><\/ul>\r\n\t\t<\/div>\r\n\t<\/div>\r\n<\/div>\r\n\n","protected":false},"excerpt":{"rendered":"","protected":false},"author":15,"featured_media":0,"parent":0,"menu_order":0,"comment_status":"closed","ping_status":"closed","template":"","meta":[],"yoast_head":"<!-- This site is optimized with the Yoast SEO plugin v20.13 - https:\/\/yoast.com\/wordpress\/plugins\/seo\/ -->\n<title>H\u1ec7 th\u1ed1ng ph\u00e2n ph\u1ed1i EN &raquo; DAG - T\u1eacP \u0110O\u00c0N NH\u1ef0A \u0110\u00d4NG \u00c1<\/title>\n<meta name=\"description\" content=\"T\u1eadp \u0110o\u00e0n Nh\u1ef1a \u0110\u00f4ng \u00c1 (\u2705 \u0110\u00e3 X\u00e1c Minh)\" \/>\n<meta name=\"robots\" content=\"index, follow, max-snippet:-1, max-image-preview:large, max-video-preview:-1\" \/>\n<link rel=\"canonical\" href=\"https:\/\/www.dag.com.vn\/he-thong-phan-phoi\/\" \/>\n<meta property=\"og:locale\" content=\"en_US\" \/>\n<meta property=\"og:type\" content=\"article\" \/>\n<meta property=\"og:title\" content=\"H\u1ec7 th\u1ed1ng ph\u00e2n ph\u1ed1i EN &raquo; DAG - T\u1eacP \u0110O\u00c0N NH\u1ef0A \u0110\u00d4NG \u00c1\" \/>\n<meta property=\"og:description\" content=\"T\u1eadp \u0110o\u00e0n Nh\u1ef1a \u0110\u00f4ng \u00c1 (\u2705 \u0110\u00e3 X\u00e1c Minh)\" \/>\n<meta property=\"og:url\" content=\"https:\/\/www.dag.com.vn\/he-thong-phan-phoi\/\" \/>\n<meta property=\"og:site_name\" content=\"DAG - T\u1eacP \u0110O\u00c0N NH\u1ef0A \u0110\u00d4NG \u00c1\" \/>\n<meta property=\"article:publisher\" content=\"https:\/\/www.facebook.com\/CongTyCoPhanNhuaDongA\/\" \/>\n<meta name=\"twitter:card\" content=\"summary_large_image\" \/>\n<script type=\"application\/ld+json\" class=\"yoast-schema-graph\">{\"@context\":\"https:\/\/schema.org\",\"@graph\":[{\"@type\":\"WebPage\",\"@id\":\"https:\/\/www.dag.com.vn\/he-thong-phan-phoi\/\",\"url\":\"https:\/\/www.dag.com.vn\/he-thong-phan-phoi\/\",\"name\":\"H\u1ec7 th\u1ed1ng ph\u00e2n ph\u1ed1i EN &raquo; DAG - T\u1eacP \u0110O\u00c0N NH\u1ef0A \u0110\u00d4NG \u00c1\",\"isPartOf\":{\"@id\":\"https:\/\/www.dag.com.vn\/#website\"},\"datePublished\":\"2017-08-07T03:40:24+00:00\",\"dateModified\":\"2017-08-07T03:40:24+00:00\",\"description\":\"T\u1eadp \u0110o\u00e0n Nh\u1ef1a \u0110\u00f4ng \u00c1 (\u2705 \u0110\u00e3 X\u00e1c Minh)\",\"breadcrumb\":{\"@id\":\"https:\/\/www.dag.com.vn\/he-thong-phan-phoi\/#breadcrumb\"},\"inLanguage\":\"en-US\",\"potentialAction\":[{\"@type\":\"ReadAction\",\"target\":[\"https:\/\/www.dag.com.vn\/he-thong-phan-phoi\/\"]}]},{\"@type\":\"BreadcrumbList\",\"@id\":\"https:\/\/www.dag.com.vn\/he-thong-phan-phoi\/#breadcrumb\",\"itemListElement\":[{\"@type\":\"ListItem\",\"position\":1,\"name\":\"T\u1eadp \u0110o\u00e0n Nh\u1ef1a \u0110\u00f4ng \u00c1\",\"item\":\"https:\/\/www.dag.com.vn\/en\/\"},{\"@type\":\"ListItem\",\"position\":2,\"name\":\"H\u1ec7 th\u1ed1ng ph\u00e2n ph\u1ed1i EN\"}]},{\"@type\":\"WebSite\",\"@id\":\"https:\/\/www.dag.com.vn\/#website\",\"url\":\"https:\/\/www.dag.com.vn\/\",\"name\":\"DAG - T\u1eacP \u0110O\u00c0N NH\u1ef0A \u0110\u00d4NG \u00c1\",\"description\":\"DAG - T\u1eacP \u0110O\u00c0N NH\u1ef0A \u0110\u00d4NG \u00c1\",\"publisher\":{\"@id\":\"https:\/\/www.dag.com.vn\/#organization\"},\"potentialAction\":[{\"@type\":\"SearchAction\",\"target\":{\"@type\":\"EntryPoint\",\"urlTemplate\":\"https:\/\/www.dag.com.vn\/?s={search_term_string}\"},\"query-input\":\"required name=search_term_string\"}],\"inLanguage\":\"en-US\"},{\"@type\":\"Organization\",\"@id\":\"https:\/\/www.dag.com.vn\/#organization\",\"name\":\"T\u1eadp \u0110o\u00e0n Nh\u1ef1a \u0110\u00f4ng \u00c1\",\"url\":\"https:\/\/www.dag.com.vn\/\",\"logo\":{\"@type\":\"ImageObject\",\"inLanguage\":\"en-US\",\"@id\":\"https:\/\/www.dag.com.vn\/#\/schema\/logo\/image\/\",\"url\":\"https:\/\/www.dag.com.vn\/wp-content\/uploads\/2018\/01\/DAG-logo-A1.gif\",\"contentUrl\":\"https:\/\/www.dag.com.vn\/wp-content\/uploads\/2018\/01\/DAG-logo-A1.gif\",\"width\":488,\"height\":176,\"caption\":\"T\u1eadp \u0110o\u00e0n Nh\u1ef1a \u0110\u00f4ng \u00c1\"},\"image\":{\"@id\":\"https:\/\/www.dag.com.vn\/#\/schema\/logo\/image\/\"},\"sameAs\":[\"https:\/\/www.facebook.com\/CongTyCoPhanNhuaDongA\/\",\"https:\/\/www.linkedin.com\/in\/caunhualoithep-caocap-admin1-503202154\/\",\"https:\/\/www.pinterest.com\/tponnha\/\",\"https:\/\/www.youtube.com\/channel\/UCJN3LY0H4MhF12r-TboAs8g?view_as=subscriber\"]}]}<\/script>\n<!-- \/ Yoast SEO plugin. -->","yoast_head_json":{"title":"H\u1ec7 th\u1ed1ng ph\u00e2n ph\u1ed1i EN &raquo; DAG - T\u1eacP \u0110O\u00c0N NH\u1ef0A \u0110\u00d4NG \u00c1","description":"T\u1eadp \u0110o\u00e0n Nh\u1ef1a \u0110\u00f4ng \u00c1 (\u2705 \u0110\u00e3 X\u00e1c Minh)","robots":{"index":"index","follow":"follow","max-snippet":"max-snippet:-1","max-image-preview":"max-image-preview:large","max-video-preview":"max-video-preview:-1"},"canonical":"https:\/\/www.dag.com.vn\/he-thong-phan-phoi\/","og_locale":"en_US","og_type":"article","og_title":"H\u1ec7 th\u1ed1ng ph\u00e2n ph\u1ed1i EN &raquo; DAG - T\u1eacP \u0110O\u00c0N NH\u1ef0A \u0110\u00d4NG \u00c1","og_description":"T\u1eadp \u0110o\u00e0n Nh\u1ef1a \u0110\u00f4ng \u00c1 (\u2705 \u0110\u00e3 X\u00e1c Minh)","og_url":"https:\/\/www.dag.com.vn\/he-thong-phan-phoi\/","og_site_name":"DAG - T\u1eacP \u0110O\u00c0N NH\u1ef0A \u0110\u00d4NG \u00c1","article_publisher":"https:\/\/www.facebook.com\/CongTyCoPhanNhuaDongA\/","twitter_card":"summary_large_image","schema":{"@context":"https:\/\/schema.org","@graph":[{"@type":"WebPage","@id":"https:\/\/www.dag.com.vn\/he-thong-phan-phoi\/","url":"https:\/\/www.dag.com.vn\/he-thong-phan-phoi\/","name":"H\u1ec7 th\u1ed1ng ph\u00e2n ph\u1ed1i EN &raquo; DAG - T\u1eacP \u0110O\u00c0N NH\u1ef0A \u0110\u00d4NG \u00c1","isPartOf":{"@id":"https:\/\/www.dag.com.vn\/#website"},"datePublished":"2017-08-07T03:40:24+00:00","dateModified":"2017-08-07T03:40:24+00:00","description":"T\u1eadp \u0110o\u00e0n Nh\u1ef1a \u0110\u00f4ng \u00c1 (\u2705 \u0110\u00e3 X\u00e1c Minh)","breadcrumb":{"@id":"https:\/\/www.dag.com.vn\/he-thong-phan-phoi\/#breadcrumb"},"inLanguage":"en-US","potentialAction":[{"@type":"ReadAction","target":["https:\/\/www.dag.com.vn\/he-thong-phan-phoi\/"]}]},{"@type":"BreadcrumbList","@id":"https:\/\/www.dag.com.vn\/he-thong-phan-phoi\/#breadcrumb","itemListElement":[{"@type":"ListItem","position":1,"name":"T\u1eadp \u0110o\u00e0n Nh\u1ef1a \u0110\u00f4ng \u00c1","item":"https:\/\/www.dag.com.vn\/en\/"},{"@type":"ListItem","position":2,"name":"H\u1ec7 th\u1ed1ng ph\u00e2n ph\u1ed1i EN"}]},{"@type":"WebSite","@id":"https:\/\/www.dag.com.vn\/#website","url":"https:\/\/www.dag.com.vn\/","name":"DAG - T\u1eacP \u0110O\u00c0N NH\u1ef0A \u0110\u00d4NG \u00c1","description":"DAG - T\u1eacP \u0110O\u00c0N NH\u1ef0A \u0110\u00d4NG \u00c1","publisher":{"@id":"https:\/\/www.dag.com.vn\/#organization"},"potentialAction":[{"@type":"SearchAction","target":{"@type":"EntryPoint","urlTemplate":"https:\/\/www.dag.com.vn\/?s={search_term_string}"},"query-input":"required name=search_term_string"}],"inLanguage":"en-US"},{"@type":"Organization","@id":"https:\/\/www.dag.com.vn\/#organization","name":"T\u1eadp \u0110o\u00e0n Nh\u1ef1a \u0110\u00f4ng \u00c1","url":"https:\/\/www.dag.com.vn\/","logo":{"@type":"ImageObject","inLanguage":"en-US","@id":"https:\/\/www.dag.com.vn\/#\/schema\/logo\/image\/","url":"https:\/\/www.dag.com.vn\/wp-content\/uploads\/2018\/01\/DAG-logo-A1.gif","contentUrl":"https:\/\/www.dag.com.vn\/wp-content\/uploads\/2018\/01\/DAG-logo-A1.gif","width":488,"height":176,"caption":"T\u1eadp \u0110o\u00e0n Nh\u1ef1a \u0110\u00f4ng \u00c1"},"image":{"@id":"https:\/\/www.dag.com.vn\/#\/schema\/logo\/image\/"},"sameAs":["https:\/\/www.facebook.com\/CongTyCoPhanNhuaDongA\/","https:\/\/www.linkedin.com\/in\/caunhualoithep-caocap-admin1-503202154\/","https:\/\/www.pinterest.com\/tponnha\/","https:\/\/www.youtube.com\/channel\/UCJN3LY0H4MhF12r-TboAs8g?view_as=subscriber"]}]}},"_links":{"self":[{"href":"https:\/\/www.dag.com.vn\/en\/wp-json\/wp\/v2\/pages\/730"}],"collection":[{"href":"https:\/\/www.dag.com.vn\/en\/wp-json\/wp\/v2\/pages"}],"about":[{"href":"https:\/\/www.dag.com.vn\/en\/wp-json\/wp\/v2\/types\/page"}],"author":[{"embeddable":true,"href":"https:\/\/www.dag.com.vn\/en\/wp-json\/wp\/v2\/users\/15"}],"replies":[{"embeddable":true,"href":"https:\/\/www.dag.com.vn\/en\/wp-json\/wp\/v2\/comments?post=730"}],"version-history":[{"count":0,"href":"https:\/\/www.dag.com.vn\/en\/wp-json\/wp\/v2\/pages\/730\/revisions"}],"wp:attachment":[{"href":"https:\/\/www.dag.com.vn\/en\/wp-json\/wp\/v2\/media?parent=730"}],"curies":[{"name":"wp","href":"https:\/\/api.w.org\/{rel}","templated":true}]}}