{"id":7282,"date":"2019-09-05T11:31:07","date_gmt":"2019-09-05T04:31:07","guid":{"rendered":"https:\/\/www.dag.com.vn\/?page_id=7282"},"modified":"2019-09-05T11:31:14","modified_gmt":"2019-09-05T04:31:14","slug":"pvc-ceiling","status":"publish","type":"page","link":"https:\/\/www.dag.com.vn\/en\/pvc-ceiling\/","title":{"rendered":"Pvc Ceiling"},"content":{"rendered":"<div class=\"row\"  id=\"row-1250633697\">\n\n\t<div id=\"col-1973516287\" class=\"col medium-3 small-12 large-3\"  >\n\t\t\t\t<div class=\"col-inner\"  >\n\t\t\t\n\t\t\t\n<ul class=\"sidebar-wrapper ul-reset\"><aside id=\"categories-15\" class=\"widget widget_categories\"><span class=\"widget-title \"><span>N\u00f3ng trong ng\u00e0y<\/span><\/span><div class=\"is-divider small\"><\/div>\n\t\t\t<ul>\n\t\t\t\t\t<li class=\"cat-item cat-item-161\"><a href=\"https:\/\/www.dag.com.vn\/en\/category\/award-certificate-en\/\">Award-certificate<\/a>\n<\/li>\n\t<li class=\"cat-item cat-item-461\"><a href=\"https:\/\/www.dag.com.vn\/en\/category\/awards-certifications\/\">Awards &#8211; Certifications<\/a>\n<\/li>\n\t<li class=\"cat-item cat-item-96\"><a href=\"https:\/\/www.dag.com.vn\/en\/category\/dag-news\/\">DAG News<\/a>\n<\/li>\n\t<li class=\"cat-item cat-item-125\"><a href=\"https:\/\/www.dag.com.vn\/en\/category\/for-invesment\/\">For invesment<\/a>\n<\/li>\n\t<li class=\"cat-item cat-item-98\"><a href=\"https:\/\/www.dag.com.vn\/en\/category\/industry-news\/\">Industry News<\/a>\n<\/li>\n\t<li class=\"cat-item cat-item-132\"><a href=\"https:\/\/www.dag.com.vn\/en\/category\/q-a\/\">Q &amp; A<\/a>\n<\/li>\n\t\t\t<\/ul>\n\n\t\t\t<\/aside><aside id=\"custom_html-14\" class=\"widget_text widget widget_custom_html\"><span class=\"widget-title \"><span>Gi\u1edbi Thi\u1ec7u DAG<\/span><\/span><div class=\"is-divider small\"><\/div><div class=\"textwidget custom-html-widget\"><iframe width=\"853\" height=\"160\" src=\"https:\/\/www.youtube.com\/embed\/hPsyDevTz-U\" frameborder=\"0\" allow=\"accelerometer; autoplay; encrypted-media; gyroscope; picture-in-picture\" allowfullscreen><\/iframe><\/div><\/aside><\/ul>\n\t\t<\/div>\n\t\t\t\t\t<\/div>\n\n\t\n\n\t<div id=\"col-209377057\" class=\"col medium-9 small-12 large-9\"  >\n\t\t\t\t<div class=\"col-inner\"  >\n\t\t\t\n\t\t\t\n<div class=\"slider-wrapper relative\" id=\"slider-640317235\" >\n    <div class=\"slider slider-nav-circle slider-nav-large slider-nav-light slider-style-normal\"\n        data-flickity-options='{\n            \"cellAlign\": \"center\",\n            \"imagesLoaded\": true,\n            \"lazyLoad\": 1,\n            \"freeScroll\": false,\n            \"wrapAround\": true,\n            \"autoPlay\": 6000,\n            \"pauseAutoPlayOnHover\" : true,\n            \"prevNextButtons\": true,\n            \"contain\" : true,\n            \"adaptiveHeight\" : true,\n            \"dragThreshold\" : 10,\n            \"percentPosition\": true,\n            \"pageDots\": true,\n            \"rightToLeft\": false,\n            \"draggable\": true,\n            \"selectedAttraction\": 0.1,\n            \"parallax\" : 0,\n            \"friction\": 0.6        }'\n        >\n        \n\t<div class=\"img has-hover x md-x lg-x y md-y lg-y\" id=\"image_1778319031\">\n\t\t\t\t\t\t\t\t<div class=\"img-inner dark\" >\n\t\t\t<img width=\"711\" height=\"400\" src=\"https:\/\/www.dag.com.vn\/wp-content\/uploads\/2019\/09\/6-711x400.png\" class=\"attachment-large size-large\" alt=\"\" decoding=\"async\" loading=\"lazy\" srcset=\"https:\/\/www.dag.com.vn\/wp-content\/uploads\/2019\/09\/6-711x400.png 711w, https:\/\/www.dag.com.vn\/wp-content\/uploads\/2019\/09\/6-711x400-600x338.png 600w\" sizes=\"(max-width: 711px) 100vw, 711px\" \/>\t\t\t\t\t\t\n\t\t\t\t\t<\/div>\n\t\t\t\t\t\t\t\t\n<style>\n#image_1778319031 {\n  width: 100%;\n}\n<\/style>\n\t<\/div>\n\t\n\t<div class=\"img has-hover x md-x lg-x y md-y lg-y\" id=\"image_1615867150\">\n\t\t\t\t\t\t\t\t<div class=\"img-inner dark\" >\n\t\t\t<img width=\"711\" height=\"400\" src=\"https:\/\/www.dag.com.vn\/wp-content\/uploads\/2019\/09\/6-711x400.png\" class=\"attachment-large size-large\" alt=\"\" decoding=\"async\" loading=\"lazy\" srcset=\"https:\/\/www.dag.com.vn\/wp-content\/uploads\/2019\/09\/6-711x400.png 711w, https:\/\/www.dag.com.vn\/wp-content\/uploads\/2019\/09\/6-711x400-600x338.png 600w\" sizes=\"(max-width: 711px) 100vw, 711px\" \/>\t\t\t\t\t\t\n\t\t\t\t\t<\/div>\n\t\t\t\t\t\t\t\t\n<style>\n#image_1615867150 {\n  width: 100%;\n}\n<\/style>\n\t<\/div>\n\t\n\t<div class=\"img has-hover x md-x lg-x y md-y lg-y\" id=\"image_1774994215\">\n\t\t\t\t\t\t\t\t<div class=\"img-inner dark\" >\n\t\t\t<img width=\"711\" height=\"400\" src=\"https:\/\/www.dag.com.vn\/wp-content\/uploads\/2019\/09\/5-711x400.png\" class=\"attachment-large size-large\" alt=\"\" decoding=\"async\" loading=\"lazy\" srcset=\"https:\/\/www.dag.com.vn\/wp-content\/uploads\/2019\/09\/5-711x400.png 711w, https:\/\/www.dag.com.vn\/wp-content\/uploads\/2019\/09\/5-711x400-600x338.png 600w\" sizes=\"(max-width: 711px) 100vw, 711px\" \/>\t\t\t\t\t\t\n\t\t\t\t\t<\/div>\n\t\t\t\t\t\t\t\t\n<style>\n#image_1774994215 {\n  width: 100%;\n}\n<\/style>\n\t<\/div>\n\t\n     <\/div>\n\n     <div class=\"loading-spin dark large centered\"><\/div>\n\n     \t<\/div>\n\n\n\t\t<\/div>\n\t\t\t\t\t<\/div>\n\n\t\n<\/div>\n","protected":false},"excerpt":{"rendered":"","protected":false},"author":11,"featured_media":0,"parent":0,"menu_order":0,"comment_status":"closed","ping_status":"closed","template":"","meta":[],"yoast_head":"<!-- This site is optimized with the Yoast SEO plugin v20.13 - https:\/\/yoast.com\/wordpress\/plugins\/seo\/ -->\n<title>Pvc Ceiling &raquo; DAG - T\u1eacP \u0110O\u00c0N NH\u1ef0A \u0110\u00d4NG \u00c1<\/title>\n<meta name=\"description\" content=\"T\u1eadp \u0110o\u00e0n Nh\u1ef1a \u0110\u00f4ng \u00c1 (\u2705 \u0110\u00e3 X\u00e1c Minh)\" \/>\n<meta name=\"robots\" content=\"index, follow, max-snippet:-1, max-image-preview:large, max-video-preview:-1\" \/>\n<link rel=\"canonical\" href=\"https:\/\/www.dag.com.vn\/pvc-ceiling\/?lang=en\" \/>\n<meta property=\"og:locale\" content=\"en_US\" \/>\n<meta property=\"og:type\" content=\"article\" \/>\n<meta property=\"og:title\" content=\"Pvc Ceiling &raquo; DAG - T\u1eacP \u0110O\u00c0N NH\u1ef0A \u0110\u00d4NG \u00c1\" \/>\n<meta property=\"og:description\" content=\"T\u1eadp \u0110o\u00e0n Nh\u1ef1a \u0110\u00f4ng \u00c1 (\u2705 \u0110\u00e3 X\u00e1c Minh)\" \/>\n<meta property=\"og:url\" content=\"https:\/\/www.dag.com.vn\/pvc-ceiling\/?lang=en\" \/>\n<meta property=\"og:site_name\" content=\"DAG - T\u1eacP \u0110O\u00c0N NH\u1ef0A \u0110\u00d4NG \u00c1\" \/>\n<meta property=\"article:publisher\" content=\"https:\/\/www.facebook.com\/CongTyCoPhanNhuaDongA\/\" \/>\n<meta property=\"article:modified_time\" content=\"2019-09-05T04:31:14+00:00\" \/>\n<meta name=\"twitter:card\" content=\"summary_large_image\" \/>\n<script type=\"application\/ld+json\" class=\"yoast-schema-graph\">{\"@context\":\"https:\/\/schema.org\",\"@graph\":[{\"@type\":\"WebPage\",\"@id\":\"https:\/\/www.dag.com.vn\/pvc-ceiling\/?lang=en\",\"url\":\"https:\/\/www.dag.com.vn\/pvc-ceiling\/?lang=en\",\"name\":\"Pvc Ceiling &raquo; DAG - T\u1eacP \u0110O\u00c0N NH\u1ef0A \u0110\u00d4NG \u00c1\",\"isPartOf\":{\"@id\":\"https:\/\/www.dag.com.vn\/#website\"},\"datePublished\":\"2019-09-05T04:31:07+00:00\",\"dateModified\":\"2019-09-05T04:31:14+00:00\",\"description\":\"T\u1eadp \u0110o\u00e0n Nh\u1ef1a \u0110\u00f4ng \u00c1 (\u2705 \u0110\u00e3 X\u00e1c Minh)\",\"breadcrumb\":{\"@id\":\"https:\/\/www.dag.com.vn\/pvc-ceiling\/?lang=en#breadcrumb\"},\"inLanguage\":\"en-US\",\"potentialAction\":[{\"@type\":\"ReadAction\",\"target\":[\"https:\/\/www.dag.com.vn\/pvc-ceiling\/?lang=en\"]}]},{\"@type\":\"BreadcrumbList\",\"@id\":\"https:\/\/www.dag.com.vn\/pvc-ceiling\/?lang=en#breadcrumb\",\"itemListElement\":[{\"@type\":\"ListItem\",\"position\":1,\"name\":\"T\u1eadp \u0110o\u00e0n Nh\u1ef1a \u0110\u00f4ng \u00c1\",\"item\":\"https:\/\/www.dag.com.vn\/en\/\"},{\"@type\":\"ListItem\",\"position\":2,\"name\":\"Pvc Ceiling\"}]},{\"@type\":\"WebSite\",\"@id\":\"https:\/\/www.dag.com.vn\/#website\",\"url\":\"https:\/\/www.dag.com.vn\/\",\"name\":\"DAG - T\u1eacP \u0110O\u00c0N NH\u1ef0A \u0110\u00d4NG \u00c1\",\"description\":\"DAG - T\u1eacP \u0110O\u00c0N NH\u1ef0A \u0110\u00d4NG \u00c1\",\"publisher\":{\"@id\":\"https:\/\/www.dag.com.vn\/#organization\"},\"potentialAction\":[{\"@type\":\"SearchAction\",\"target\":{\"@type\":\"EntryPoint\",\"urlTemplate\":\"https:\/\/www.dag.com.vn\/?s={search_term_string}\"},\"query-input\":\"required name=search_term_string\"}],\"inLanguage\":\"en-US\"},{\"@type\":\"Organization\",\"@id\":\"https:\/\/www.dag.com.vn\/#organization\",\"name\":\"T\u1eadp \u0110o\u00e0n Nh\u1ef1a \u0110\u00f4ng \u00c1\",\"url\":\"https:\/\/www.dag.com.vn\/\",\"logo\":{\"@type\":\"ImageObject\",\"inLanguage\":\"en-US\",\"@id\":\"https:\/\/www.dag.com.vn\/#\/schema\/logo\/image\/\",\"url\":\"https:\/\/www.dag.com.vn\/wp-content\/uploads\/2018\/01\/DAG-logo-A1.gif\",\"contentUrl\":\"https:\/\/www.dag.com.vn\/wp-content\/uploads\/2018\/01\/DAG-logo-A1.gif\",\"width\":488,\"height\":176,\"caption\":\"T\u1eadp \u0110o\u00e0n Nh\u1ef1a \u0110\u00f4ng \u00c1\"},\"image\":{\"@id\":\"https:\/\/www.dag.com.vn\/#\/schema\/logo\/image\/\"},\"sameAs\":[\"https:\/\/www.facebook.com\/CongTyCoPhanNhuaDongA\/\",\"https:\/\/www.linkedin.com\/in\/caunhualoithep-caocap-admin1-503202154\/\",\"https:\/\/www.pinterest.com\/tponnha\/\",\"https:\/\/www.youtube.com\/channel\/UCJN3LY0H4MhF12r-TboAs8g?view_as=subscriber\"]}]}<\/script>\n<!-- \/ Yoast SEO plugin. -->","yoast_head_json":{"title":"Pvc Ceiling &raquo; DAG - T\u1eacP \u0110O\u00c0N NH\u1ef0A \u0110\u00d4NG \u00c1","description":"T\u1eadp \u0110o\u00e0n Nh\u1ef1a \u0110\u00f4ng \u00c1 (\u2705 \u0110\u00e3 X\u00e1c Minh)","robots":{"index":"index","follow":"follow","max-snippet":"max-snippet:-1","max-image-preview":"max-image-preview:large","max-video-preview":"max-video-preview:-1"},"canonical":"https:\/\/www.dag.com.vn\/pvc-ceiling\/?lang=en","og_locale":"en_US","og_type":"article","og_title":"Pvc Ceiling &raquo; DAG - T\u1eacP \u0110O\u00c0N NH\u1ef0A \u0110\u00d4NG \u00c1","og_description":"T\u1eadp \u0110o\u00e0n Nh\u1ef1a \u0110\u00f4ng \u00c1 (\u2705 \u0110\u00e3 X\u00e1c Minh)","og_url":"https:\/\/www.dag.com.vn\/pvc-ceiling\/?lang=en","og_site_name":"DAG - T\u1eacP \u0110O\u00c0N NH\u1ef0A \u0110\u00d4NG \u00c1","article_publisher":"https:\/\/www.facebook.com\/CongTyCoPhanNhuaDongA\/","article_modified_time":"2019-09-05T04:31:14+00:00","twitter_card":"summary_large_image","schema":{"@context":"https:\/\/schema.org","@graph":[{"@type":"WebPage","@id":"https:\/\/www.dag.com.vn\/pvc-ceiling\/?lang=en","url":"https:\/\/www.dag.com.vn\/pvc-ceiling\/?lang=en","name":"Pvc Ceiling &raquo; DAG - T\u1eacP \u0110O\u00c0N NH\u1ef0A \u0110\u00d4NG \u00c1","isPartOf":{"@id":"https:\/\/www.dag.com.vn\/#website"},"datePublished":"2019-09-05T04:31:07+00:00","dateModified":"2019-09-05T04:31:14+00:00","description":"T\u1eadp \u0110o\u00e0n Nh\u1ef1a \u0110\u00f4ng \u00c1 (\u2705 \u0110\u00e3 X\u00e1c Minh)","breadcrumb":{"@id":"https:\/\/www.dag.com.vn\/pvc-ceiling\/?lang=en#breadcrumb"},"inLanguage":"en-US","potentialAction":[{"@type":"ReadAction","target":["https:\/\/www.dag.com.vn\/pvc-ceiling\/?lang=en"]}]},{"@type":"BreadcrumbList","@id":"https:\/\/www.dag.com.vn\/pvc-ceiling\/?lang=en#breadcrumb","itemListElement":[{"@type":"ListItem","position":1,"name":"T\u1eadp \u0110o\u00e0n Nh\u1ef1a \u0110\u00f4ng \u00c1","item":"https:\/\/www.dag.com.vn\/en\/"},{"@type":"ListItem","position":2,"name":"Pvc Ceiling"}]},{"@type":"WebSite","@id":"https:\/\/www.dag.com.vn\/#website","url":"https:\/\/www.dag.com.vn\/","name":"DAG - T\u1eacP \u0110O\u00c0N NH\u1ef0A \u0110\u00d4NG \u00c1","description":"DAG - T\u1eacP \u0110O\u00c0N NH\u1ef0A \u0110\u00d4NG \u00c1","publisher":{"@id":"https:\/\/www.dag.com.vn\/#organization"},"potentialAction":[{"@type":"SearchAction","target":{"@type":"EntryPoint","urlTemplate":"https:\/\/www.dag.com.vn\/?s={search_term_string}"},"query-input":"required name=search_term_string"}],"inLanguage":"en-US"},{"@type":"Organization","@id":"https:\/\/www.dag.com.vn\/#organization","name":"T\u1eadp \u0110o\u00e0n Nh\u1ef1a \u0110\u00f4ng \u00c1","url":"https:\/\/www.dag.com.vn\/","logo":{"@type":"ImageObject","inLanguage":"en-US","@id":"https:\/\/www.dag.com.vn\/#\/schema\/logo\/image\/","url":"https:\/\/www.dag.com.vn\/wp-content\/uploads\/2018\/01\/DAG-logo-A1.gif","contentUrl":"https:\/\/www.dag.com.vn\/wp-content\/uploads\/2018\/01\/DAG-logo-A1.gif","width":488,"height":176,"caption":"T\u1eadp \u0110o\u00e0n Nh\u1ef1a \u0110\u00f4ng \u00c1"},"image":{"@id":"https:\/\/www.dag.com.vn\/#\/schema\/logo\/image\/"},"sameAs":["https:\/\/www.facebook.com\/CongTyCoPhanNhuaDongA\/","https:\/\/www.linkedin.com\/in\/caunhualoithep-caocap-admin1-503202154\/","https:\/\/www.pinterest.com\/tponnha\/","https:\/\/www.youtube.com\/channel\/UCJN3LY0H4MhF12r-TboAs8g?view_as=subscriber"]}]}},"_links":{"self":[{"href":"https:\/\/www.dag.com.vn\/en\/wp-json\/wp\/v2\/pages\/7282"}],"collection":[{"href":"https:\/\/www.dag.com.vn\/en\/wp-json\/wp\/v2\/pages"}],"about":[{"href":"https:\/\/www.dag.com.vn\/en\/wp-json\/wp\/v2\/types\/page"}],"author":[{"embeddable":true,"href":"https:\/\/www.dag.com.vn\/en\/wp-json\/wp\/v2\/users\/11"}],"replies":[{"embeddable":true,"href":"https:\/\/www.dag.com.vn\/en\/wp-json\/wp\/v2\/comments?post=7282"}],"version-history":[{"count":0,"href":"https:\/\/www.dag.com.vn\/en\/wp-json\/wp\/v2\/pages\/7282\/revisions"}],"wp:attachment":[{"href":"https:\/\/www.dag.com.vn\/en\/wp-json\/wp\/v2\/media?parent=7282"}],"curies":[{"name":"wp","href":"https:\/\/api.w.org\/{rel}","templated":true}]}}